{"id":14857,"date":"2023-09-01T10:25:46","date_gmt":"2023-09-01T08:25:46","guid":{"rendered":"https:\/\/www.tapibel.be\/new-worlds-econyl\/"},"modified":"2025-06-11T12:54:50","modified_gmt":"2025-06-11T10:54:50","slug":"new-worlds-econyl","status":"publish","type":"page","link":"https:\/\/www.tapibel.be\/de\/new-worlds-econyl","title":{"rendered":"New Worlds Econyl"},"content":{"rendered":"<div class=\"wpb-content-wrapper\"><p>[vc_row full_width=&#8220;stretch_row&#8220; css=&#8220;.vc_custom_1694685932651{background-image: url(https:\/\/www.tapibel.be\/wp-content\/uploads\/2023\/09\/banner2.jpg?id=14466) !important;background-position: 0 0 !important;background-repeat: no-repeat !important;}&#8220; el_class=&#8220;treed-banner-sec&#8220;][vc_column][vc_custom_heading text=&#8220;Treten Sie in<br \/>\ndie luxuri\u00f6se Welt<br \/>\nvon New Worlds ein&#8220; font_container=&#8220;tag:h1|text_align:left&#8220; use_theme_fonts=&#8220;yes&#8220; el_class=&#8220;color-one-h&#8220;][vc_column_text el_class=&#8220;banner-content-p&#8220;]Treten Sie in die luxuri\u00f6se Welt von Tapibel ein. Eine Welt, in der Meerestiere regieren und Abfall dank ECONYL\u00ae ein neues Leben geschenkt wird. Entdecken Sie unsere superweichen, edlen und nachhaltigen Teppiche. Tauchen Sie ein in die New-Worlds-Kollektionen.[\/vc_column_text][vc_single_image image=&#8220;14475&#8243; img_size=&#8220;full&#8220; alignment=&#8220;center&#8220; el_class=&#8220;next-sec-icon&#8220;][\/vc_column][\/vc_row][vc_row full_width=&#8220;stretch_row&#8220; content_placement=&#8220;middle&#8220; el_class=&#8220;popup-img-sec&#8220; css=&#8220;.vc_custom_1693817743679{padding-top: 80px !important;padding-bottom: 80px !important;background: #ece6d8 url(https:\/\/www.tapibel.be\/wp-content\/uploads\/2023\/09\/Waves.png?id=14513) !important;background-position: 0 0 !important;background-repeat: no-repeat !important;}&#8220;][vc_column width=&#8220;1\/2&#8243; el_class=&#8220;cus-popup-img&#8220;][vc_column_text]<a rel=\"noreferrer\" href=\"https:\/\/www.youtube.com\/watch?v=h0d7pootNcg\" class=\"vp-a vp-yt-type vp-modal-click vp-modal-click_shortcode vp-has-img\"><img decoding=\"async\" class=\"vp-img\" src=\"https:\/\/www.tapibel.be\/wp-content\/uploads\/2023\/09\/video-p.jpg\"><\/a>[\/vc_column_text][vc_icon icon_fontawesome=&#8220;fas fa-play&#8220; align=&#8220;center&#8220; el_class=&#8220;cus-play-btn&#8220;][\/vc_column][vc_column width=&#8220;1\/2&#8243; el_class=&#8220;popup-img-content&#8220;][vc_custom_heading text=&#8220;Erlesene Weichheit&#8220; use_theme_fonts=&#8220;yes&#8220; el_class=&#8220;color-one-h&#8220;][vc_column_text css=&#8220;&#8220;]Ein Spaziergang durch die k\u00f6niglichen G\u00e4rten, der k\u00fchle und kostbare Marmor der Palastmauern. Sie laufen wie \u00fcber Wolken, seidenweich. Die sechs <strong>einzigartigen New-Worlds-Kollektionen<\/strong> verspr\u00fchen eine Aura von Luxus. Was sie verbindet? In jeder Kollektion findet sich das gleiche Ausgangsgarn. Treten Sie ein in eine neue nachhaltige Welt. Tauchen Sie ein in gro\u00dfz\u00fcgige Weichheit. New Worlds passt in jeden Raum. Vom exklusiven Privatambiente bis zum Hotelzimmer. Oder einem luxuri\u00f6sen Schloss &#8230;[\/vc_column_text][vc_btn title=&#8220;Entdecken Sie die Kollektionen&#8220; i_icon_fontawesome=&#8220;fas fa-long-arrow-alt-right&#8220; add_icon=&#8220;true&#8220; link=&#8220;url:%23kollektionen&#8220; el_class=&#8220;new-cus-btn&#8220;][\/vc_column][\/vc_row][vc_row full_width=&#8220;stretch_row&#8220; css=&#8220;.vc_custom_1696579161733{padding-top: 80px !important;padding-bottom: 40px !important;}&#8220; el_class=&#8220;cus-p-slide&#8220; el_id=&#8220;kollektionen&#8220;][vc_column][vc_column_text]<div class=\"cus-p-slider\">\n<div class=\"cus-video-popup\"><div class=\"element cus-p-inner slider-class\">\n    <div class=\"post-slder-box\">\n        <div class=\"p-slider-title top\">\n          <h3>Seidenweich<\/h3>\n          <p>Almyra<\/p>\n      <\/div><div class=\"post-img\">\n        <img decoding=\"async\" src=\"https:\/\/www.tapibel.be\/wp-content\/uploads\/2023\/09\/Mask-Group-2.jpg\">\n      <\/div><div class=\"p-slider-title bott\">\n          <h3>Seidenweich<\/h3>\n          <p>Almyra<\/p>\n      <\/div>\n      <div class=\"p-slider-content\">\n        <p>Wie Samt an Ihren F\u00fc\u00dfen oder Daunen, die an Ihren Zehen kitzeln. Durch und durch elegant. Treten Sie ein in die Welt von <b>Almyra<\/b>, eine herrlich weiche Welt. Die Kollektion, die Luxus auf die n\u00e4chste Stufe hebt.<\/p>\n        <a href=\"https:\/\/www.tapibel.be\/de\/kollektionen\/almyra\/\" class=\"new-cus-btn\">Zur Welt von Almyra<\/a>\n      <\/div>\n     <\/div>\n  <\/div><div class=\"element cus-p-inner slider-class\">\n    <div class=\"post-slder-box\">\n        <div class=\"p-slider-title top\">\n          <h3>\u00dcppig<\/h3>\n          <p>Soneva<\/p>\n      <\/div><div class=\"post-img\">\n        <img decoding=\"async\" src=\"https:\/\/www.tapibel.be\/wp-content\/uploads\/2023\/09\/Mask-Group-22.jpg\">\n      <\/div><div class=\"p-slider-title bott\">\n          <h3>\u00dcppig<\/h3>\n          <p>Soneva<\/p>\n      <\/div>\n      <div class=\"p-slider-content\">\n        <p>Erlesen und gro\u00dfz\u00fcgig. Sich auf schaukelnden Wellen treiben lassen, fast schwerelos. Ein wahres Fest f\u00fcr Ihre Sinne. Treten Sie ein in die Welt von <b>Soneva<\/b>, eine Welt voller \u00dcppigkeit. Die Kollektion verbindet Luxus mit Qualit\u00e4t. <\/p>\n        <a href=\"https:\/\/www.tapibel.be\/de\/kollektionen\/soneva\/\" class=\"new-cus-btn\">Zur Welt von Soneva<\/a>\n      <\/div>\n     <\/div>\n  <\/div><div class=\"element cus-p-inner slider-class\">\n    <div class=\"post-slder-box\">\n        <div class=\"p-slider-title top\">\n          <h3>Hochwertig<\/h3>\n          <p>Matera <\/p>\n      <\/div><div class=\"post-img\">\n        <img decoding=\"async\" src=\"https:\/\/www.tapibel.be\/wp-content\/uploads\/2023\/09\/Mask-Group-23.jpg\">\n      <\/div><div class=\"p-slider-title bott\">\n          <h3>Hochwertig<\/h3>\n          <p>Matera <\/p>\n      <\/div>\n      <div class=\"p-slider-content\">\n        <p>Im echten Luxus wohnen, in Ihrem eigenen K\u00f6nigreich. Treten Sie ein in die Welt von <b>Matera<\/b>. Eine Welt, in der hochwertiger Luxus im Mittelpunkt steht. Eine erstklassige Kollektion mit einer erlesenen Note.<\/p>\n        <a href=\"https:\/\/www.tapibel.be\/de\/kollektionen\/matera\/\" class=\"new-cus-btn\">Zur Welt von Matera<\/a>\n      <\/div>\n     <\/div>\n  <\/div><div class=\"element cus-p-inner slider-class\">\n    <div class=\"post-slder-box\">\n        <div class=\"p-slider-title top\">\n          <h3>Luxuri\u00f6s<\/h3>\n          <p>Matera Primo<\/p>\n      <\/div><div class=\"post-img\">\n        <img decoding=\"async\" src=\"https:\/\/www.tapibel.be\/wp-content\/uploads\/2023\/09\/Mask-Group-24.jpg\">\n      <\/div><div class=\"p-slider-title bott\">\n          <h3>Luxuri\u00f6s<\/h3>\n          <p>Matera Primo<\/p>\n      <\/div>\n      <div class=\"p-slider-content\">\n        <p>Tief in einem riesigen Himmelbett versinken, die Erlesenheit von echtem Komfort genie\u00dfen. Treten Sie ein in die opulente Welt von <b>Matera Primo<\/b>. Eine Welt, in der Luxus und Weichheit die Stichworte sind. <\/p>\n        <a href=\"https:\/\/www.tapibel.be\/de\/kollektionen\/matera-primo\/\" class=\"new-cus-btn\">Zur Welt von Matera Primo<\/a>\n      <\/div>\n     <\/div>\n  <\/div><div class=\"element cus-p-inner slider-class\">\n    <div class=\"post-slder-box\">\n        <div class=\"p-slider-title top\">\n          <h3>Vielseitig<\/h3>\n          <p>Medina<\/p>\n      <\/div><div class=\"post-img\">\n        <img decoding=\"async\" src=\"https:\/\/www.tapibel.be\/wp-content\/uploads\/2023\/09\/Mask-Group-25.jpg\">\n      <\/div><div class=\"p-slider-title bott\">\n          <h3>Vielseitig<\/h3>\n          <p>Medina<\/p>\n      <\/div>\n      <div class=\"p-slider-content\">\n        <p>Seidenweich, luxuri\u00f6s, f\u00fcr hochwertiges Wohnen. Treten Sie ein in die vielseitige Welt von Medina. Eine Welt, in der Sie auf jedem Ihrer Wege optimalen Fu\u00dfkomfort erleben. Von hochwertigen Wohnprojekten bis zu Hotelzimmern und sogar losen Teppichen. Dank der gerippten Textur von <b>Medina<\/b> sind die M\u00f6glichkeiten endlos. <\/p>\n        <a href=\"https:\/\/www.tapibel.be\/de\/kollektionen\/medina\/\" class=\"new-cus-btn\">Zur Welt von Medina<\/a>\n      <\/div>\n     <\/div>\n  <\/div><div class=\"element cus-p-inner slider-class\">\n    <div class=\"post-slder-box\">\n        <div class=\"p-slider-title top\">\n          <h3>Zeitlos<\/h3>\n          <p>Belina<\/p>\n      <\/div><div class=\"post-img\">\n        <img decoding=\"async\" src=\"https:\/\/www.tapibel.be\/wp-content\/uploads\/2024\/04\/Zalina-1-1.jpg\">\n      <\/div><div class=\"p-slider-title bott\">\n          <h3>Zeitlos<\/h3>\n          <p>Belina<\/p>\n      <\/div>\n      <div class=\"p-slider-content\">\n        <p>Pure Klasse in einem zeitlosen Gewand. Das weiche, matte Finish von Zalina strahlt zur\u00fcckhaltenden Luxus aus. Erleben Sie ein Gef\u00fchl von Ruhe und Komfort in jedem Raum. Tauchen Sie ein in die Welt von <b>Belina<\/b>, wo Sanftheit und Eleganz Hand in Hand gehen.<\/p>\n        <a href=\"https:\/\/www.tapibel.be\/de\/kollektionen\/belina\" class=\"new-cus-btn\">Zur Welt von Belina<\/a>\n      <\/div>\n     <\/div>\n  <\/div><\/div><\/div>[\/vc_column_text][\/vc_column][\/vc_row][vc_row full_width=&#8220;stretch_row&#8220; css=&#8220;.vc_custom_1694067299025{padding-top: 50px !important;padding-bottom: 40px !important;background-color: #ece6d8 !important;}&#8220; el_class=&#8220;eco-sec&#8220;][vc_column width=&#8220;1\/2&#8243;][vc_custom_heading text=&#8220;Das regenerierte Nylon ECONYL\u00ae kann unendlich recycelt werden, ohne dabei an Qualit\u00e4t einzub\u00fc\u00dfen.&#8220; use_theme_fonts=&#8220;yes&#8220; el_class=&#8220;color-one-h font-41&#8243;][vc_btn title=&#8220;Erfahren Sie mehr \u00fcber ECONYL\u00ae&#8220; i_icon_fontawesome=&#8220;fas fa-long-arrow-alt-right&#8220; add_icon=&#8220;true&#8220; link=&#8220;url:https%3A%2F%2Fwww.tapibel.be%2Fde%2Fnachhaltigkeit%2Feconyl%2F&#8220; el_class=&#8220;new-cus-btn&#8220;][\/vc_column][vc_column width=&#8220;1\/2&#8243;][vc_single_image image=&#8220;14506&#8243; img_size=&#8220;full&#8220; el_class=&#8220;eco-img&#8220;][\/vc_column][\/vc_row]<\/p>\n<\/div>","protected":false},"excerpt":{"rendered":"<p>[vc_row full_width=&#8220;stretch_row&#8220; css=&#8220;.vc_custom_1694685932651{background-image: url(https:\/\/www.tapibel.be\/wp-content\/uploads\/2023\/09\/banner2.jpg?id=14466) !important;background-position: 0 0 !important;background-repeat: no-repeat !important;}&#8220; el_class=&#8220;treed-banner-sec&#8220;][vc_column][vc_custom_heading text=&#8220;Treten Sie in die luxuri\u00f6se Welt von New Worlds ein&#8220; font_container=&#8220;tag:h1|text_align:left&#8220; use_theme_fonts=&#8220;yes&#8220; el_class=&#8220;color-one-h&#8220;][vc_column_text el_class=&#8220;banner-content-p&#8220;]Treten Sie<span class=\"excerpt-hellip\"> &#8230;<\/span><\/p>\n","protected":false},"author":4,"featured_media":0,"parent":0,"menu_order":0,"comment_status":"closed","ping_status":"closed","template":"","meta":{"_acf_changed":false,"inline_featured_image":false,"footnotes":""},"class_list":["post-14857","page","type-page","status-publish","hentry"],"acf":[],"yoast_head":"<!-- This site is optimized with the Yoast SEO plugin v26.9 - https:\/\/yoast.com\/product\/yoast-seo-wordpress\/ -->\n<title>New Worlds Econyl - Tapibel<\/title>\n<meta name=\"description\" content=\"New Worlds by Tapibel: nachhaltige Teppichfliesen mit recyceltem ECONYL\u00ae-Garn, ohne Kompromisse beim Design einzugehen.\" \/>\n<meta name=\"robots\" content=\"index, follow, max-snippet:-1, max-image-preview:large, max-video-preview:-1\" \/>\n<link rel=\"canonical\" href=\"https:\/\/www.tapibel.be\/de\/new-worlds-econyl\" \/>\n<meta property=\"og:locale\" content=\"de_DE\" \/>\n<meta property=\"og:type\" content=\"article\" \/>\n<meta property=\"og:title\" content=\"New Worlds Econyl - Tapibel\" \/>\n<meta property=\"og:description\" content=\"New Worlds by Tapibel: nachhaltige Teppichfliesen mit recyceltem ECONYL\u00ae-Garn, ohne Kompromisse beim Design einzugehen.\" \/>\n<meta property=\"og:url\" content=\"https:\/\/www.tapibel.be\/de\/new-worlds-econyl\" \/>\n<meta property=\"og:site_name\" content=\"Tapibel\" \/>\n<meta property=\"article:modified_time\" content=\"2025-06-11T10:54:50+00:00\" \/>\n<meta name=\"twitter:card\" content=\"summary_large_image\" \/>\n<meta name=\"twitter:label1\" content=\"Gesch\u00e4tzte Lesezeit\" \/>\n\t<meta name=\"twitter:data1\" content=\"2\u00a0Minuten\" \/>\n<script type=\"application\/ld+json\" class=\"yoast-schema-graph\">{\"@context\":\"https:\/\/schema.org\",\"@graph\":[{\"@type\":\"WebPage\",\"@id\":\"https:\/\/www.tapibel.be\/de\/new-worlds-econyl\",\"url\":\"https:\/\/www.tapibel.be\/de\/new-worlds-econyl\",\"name\":\"New Worlds Econyl - Tapibel\",\"isPartOf\":{\"@id\":\"https:\/\/www.tapibel.be\/#website\"},\"datePublished\":\"2023-09-01T08:25:46+00:00\",\"dateModified\":\"2025-06-11T10:54:50+00:00\",\"description\":\"New Worlds by Tapibel: nachhaltige Teppichfliesen mit recyceltem ECONYL\u00ae-Garn, ohne Kompromisse beim Design einzugehen.\",\"breadcrumb\":{\"@id\":\"https:\/\/www.tapibel.be\/de\/new-worlds-econyl#breadcrumb\"},\"inLanguage\":\"de\",\"potentialAction\":[{\"@type\":\"ReadAction\",\"target\":[\"https:\/\/www.tapibel.be\/de\/new-worlds-econyl\"]}]},{\"@type\":\"BreadcrumbList\",\"@id\":\"https:\/\/www.tapibel.be\/de\/new-worlds-econyl#breadcrumb\",\"itemListElement\":[{\"@type\":\"ListItem\",\"position\":1,\"name\":\"Home\",\"item\":\"https:\/\/www.tapibel.be\/\"},{\"@type\":\"ListItem\",\"position\":2,\"name\":\"New Worlds Econyl\"}]},{\"@type\":\"WebSite\",\"@id\":\"https:\/\/www.tapibel.be\/#website\",\"url\":\"https:\/\/www.tapibel.be\/\",\"name\":\"Tapibel\",\"description\":\"Your carpet, our tradition\",\"potentialAction\":[{\"@type\":\"SearchAction\",\"target\":{\"@type\":\"EntryPoint\",\"urlTemplate\":\"https:\/\/www.tapibel.be\/?s={search_term_string}\"},\"query-input\":{\"@type\":\"PropertyValueSpecification\",\"valueRequired\":true,\"valueName\":\"search_term_string\"}}],\"inLanguage\":\"de\"}]}<\/script>\n<!-- \/ Yoast SEO plugin. -->","yoast_head_json":{"title":"New Worlds Econyl - Tapibel","description":"New Worlds by Tapibel: nachhaltige Teppichfliesen mit recyceltem ECONYL\u00ae-Garn, ohne Kompromisse beim Design einzugehen.","robots":{"index":"index","follow":"follow","max-snippet":"max-snippet:-1","max-image-preview":"max-image-preview:large","max-video-preview":"max-video-preview:-1"},"canonical":"https:\/\/www.tapibel.be\/de\/new-worlds-econyl","og_locale":"de_DE","og_type":"article","og_title":"New Worlds Econyl - Tapibel","og_description":"New Worlds by Tapibel: nachhaltige Teppichfliesen mit recyceltem ECONYL\u00ae-Garn, ohne Kompromisse beim Design einzugehen.","og_url":"https:\/\/www.tapibel.be\/de\/new-worlds-econyl","og_site_name":"Tapibel","article_modified_time":"2025-06-11T10:54:50+00:00","twitter_card":"summary_large_image","twitter_misc":{"Gesch\u00e4tzte Lesezeit":"2\u00a0Minuten"},"schema":{"@context":"https:\/\/schema.org","@graph":[{"@type":"WebPage","@id":"https:\/\/www.tapibel.be\/de\/new-worlds-econyl","url":"https:\/\/www.tapibel.be\/de\/new-worlds-econyl","name":"New Worlds Econyl - Tapibel","isPartOf":{"@id":"https:\/\/www.tapibel.be\/#website"},"datePublished":"2023-09-01T08:25:46+00:00","dateModified":"2025-06-11T10:54:50+00:00","description":"New Worlds by Tapibel: nachhaltige Teppichfliesen mit recyceltem ECONYL\u00ae-Garn, ohne Kompromisse beim Design einzugehen.","breadcrumb":{"@id":"https:\/\/www.tapibel.be\/de\/new-worlds-econyl#breadcrumb"},"inLanguage":"de","potentialAction":[{"@type":"ReadAction","target":["https:\/\/www.tapibel.be\/de\/new-worlds-econyl"]}]},{"@type":"BreadcrumbList","@id":"https:\/\/www.tapibel.be\/de\/new-worlds-econyl#breadcrumb","itemListElement":[{"@type":"ListItem","position":1,"name":"Home","item":"https:\/\/www.tapibel.be\/"},{"@type":"ListItem","position":2,"name":"New Worlds Econyl"}]},{"@type":"WebSite","@id":"https:\/\/www.tapibel.be\/#website","url":"https:\/\/www.tapibel.be\/","name":"Tapibel","description":"Your carpet, our tradition","potentialAction":[{"@type":"SearchAction","target":{"@type":"EntryPoint","urlTemplate":"https:\/\/www.tapibel.be\/?s={search_term_string}"},"query-input":{"@type":"PropertyValueSpecification","valueRequired":true,"valueName":"search_term_string"}}],"inLanguage":"de"}]}},"_links":{"self":[{"href":"https:\/\/www.tapibel.be\/de\/wp-json\/wp\/v2\/pages\/14857","targetHints":{"allow":["GET"]}}],"collection":[{"href":"https:\/\/www.tapibel.be\/de\/wp-json\/wp\/v2\/pages"}],"about":[{"href":"https:\/\/www.tapibel.be\/de\/wp-json\/wp\/v2\/types\/page"}],"author":[{"embeddable":true,"href":"https:\/\/www.tapibel.be\/de\/wp-json\/wp\/v2\/users\/4"}],"replies":[{"embeddable":true,"href":"https:\/\/www.tapibel.be\/de\/wp-json\/wp\/v2\/comments?post=14857"}],"version-history":[{"count":5,"href":"https:\/\/www.tapibel.be\/de\/wp-json\/wp\/v2\/pages\/14857\/revisions"}],"predecessor-version":[{"id":21286,"href":"https:\/\/www.tapibel.be\/de\/wp-json\/wp\/v2\/pages\/14857\/revisions\/21286"}],"wp:attachment":[{"href":"https:\/\/www.tapibel.be\/de\/wp-json\/wp\/v2\/media?parent=14857"}],"curies":[{"name":"wp","href":"https:\/\/api.w.org\/{rel}","templated":true}]}}