{"id":5506,"date":"2022-04-15T13:11:21","date_gmt":"2022-04-15T11:11:21","guid":{"rendered":"https:\/\/www.tapibel.be\/duurzaamheid\/"},"modified":"2026-04-16T10:03:33","modified_gmt":"2026-04-16T08:03:33","slug":"nachhaltigkeit","status":"publish","type":"page","link":"https:\/\/www.tapibel.be\/de\/nachhaltigkeit","title":{"rendered":"Nachhaltigkeit"},"content":{"rendered":"<div class=\"wpb-content-wrapper\"><p>[vc_row full_width=&#8220;stretch_row&#8220; equal_height=&#8220;yes&#8220; el_class=&#8220;slider_sec&#8220; css=&#8220;.vc_custom_1649669041960{margin-bottom: 4em !important;background-color: #000000 !important;}&#8220;][vc_column width=&#8220;5\/12&#8243;][vc_custom_heading text=&#8220;Nachhaltigkeit&#8220; font_container=&#8220;tag:h1|text_align:left|color:%23ffffff&#8220; use_theme_fonts=&#8220;yes&#8220; el_class=&#8220;bigheading&#8220;][vc_btn title=&#8220;Entdecken Sie unsere nachhaltigen Initiativen&#8220; style=&#8220;classic&#8220; shape=&#8220;square&#8220; i_icon_fontawesome=&#8220;far fa-arrow-alt-circle-right&#8220; add_icon=&#8220;true&#8220; link=&#8220;url:%23duurzaamheid|title:Sustainability&#8220; el_class=&#8220;cusbtn textbtn&#8220;][vc_empty_space height=&#8220;40px&#8220;][\/vc_column][vc_column width=&#8220;7\/12&#8243;][vc_single_image image=&#8220;3951&#8243; img_size=&#8220;full&#8220; alignment=&#8220;center&#8220; css=&#8220;.vc_custom_1652787289937{margin-bottom: -4em !important;}&#8220; el_class=&#8220;object-cover object-right max-800&#8243;][\/vc_column][\/vc_row][vc_row css=&#8220;.vc_custom_1649763844963{padding-top: 4em !important;padding-bottom: 4em !important;}&#8220;][vc_column][vc_custom_heading text=&#8220;Twise: Nachhaltige Initiativen f\u00fcr einen gr\u00fcneren Planeten&#8220; font_container=&#8220;tag:h2|text_align:left|color:%23ae9a63&#8243; use_theme_fonts=&#8220;yes&#8220; el_class=&#8220;cusheading&#8220;][vc_empty_space height=&#8220;10px&#8220;][vc_column_text css=&#8220;&#8220; el_class=&#8220;text-gray&#8220;]Unsere Teppiche und unser Ansatz passen in die<strong> heutige Zeit<\/strong>, denn <strong>\u00d6kologie und Nachhaltigkeit<\/strong> sind f\u00fcr uns von gr\u00f6\u00dfter Bedeutung. Wir sind stets auf der Suche nach M\u00f6glichkeiten, unsere Teppiche und die Teppichproduktion nachhaltiger und \u00f6kologischer zu gestalten. Das sind nicht nur leere Worte, sondern wir setzen unsere Versprechen in konkrete Initiativen um.<\/p>\n<p><strong>Twise<\/strong> ist eine \u00fcbergreifende Marke f\u00fcr Nachhaltigkeit, unter die diese \u00f6kologischen Initiativen fallen. Twise, weil <b>Tapibel<\/b>\u00a0bei der Teppichproduktion <strong>mit Bedacht vorgeht<\/strong>, f\u00fcr einen gr\u00fcneren Planeten. Dar\u00fcber hinaus leisten wir einen Beitrag zur Kreislaufwirtschaft und zur Abfallvermeidung. Alle unsere L\u00f6sungen enthalten regenerierte oder recycelte Materialien.<\/p>\n<p>Also geben wir den gebrauchten Materialien ein <strong>zweites<\/strong> (und drittes, viertes&#8230;) Leben!<\/p>\n<p><strong>Das Ergebnis<\/strong>? Ein langlebigerer und \u00f6kologischerer Teppich, vom Garn bis zur Unterlage..<\/p>\n<p>Wir sind st\u00e4ndig auf der Suche nach Innovationen und M\u00f6glichkeiten, unsere Teppichproduktion umweltfreundlicher zu gestalten. Als <a href=\"https:\/\/tapibel.be\/de\/uber-tapibel\/\">Familienunternehmen<\/a> denken wir auch an die <strong>n\u00e4chsten Generationen<\/strong>, und dank dieser Ver\u00e4nderungen k\u00f6nnen auch sie von einer <strong>gr\u00fcneren Welt<\/strong> und einem gr\u00fcneren Teppich profitieren. Nachhaltigkeit ist das Herzst\u00fcck unserer T\u00e4tigkeit.[\/vc_column_text][vc_empty_space height=&#8220;30px&#8220;][vc_single_image image=&#8220;3955&#8243; img_size=&#8220;full&#8220;][\/vc_column][\/vc_row][vc_row css=&#8220;.vc_custom_1703233795545{padding-top: 2em !important;padding-bottom: 4em !important;}&#8220; el_id=&#8220;duurzaamheid&#8220;][vc_column][vc_custom_heading text=&#8220;Entdecken Sie unsere nachhaltigen Initiativen f\u00fcr einen gr\u00fcneren Planeten&#8220; font_container=&#8220;tag:h2|text_align:center|color:%23ae9a63&#8243; use_theme_fonts=&#8220;yes&#8220; el_class=&#8220;cusheading&#8220;][vc_empty_space height=&#8220;30px&#8220;][vc_row_inner equal_height=&#8220;yes&#8220; el_class=&#8220;discover_label&#8220;][vc_column_inner width=&#8220;1\/2&#8243;][vc_single_image image=&#8220;33170&#8243; img_size=&#8220;medium&#8220; alignment=&#8220;center&#8220; onclick=&#8220;custom_link&#8220; css=&#8220;.vc_custom_1776326508060{background: #000000 url(https:\/\/www.tapibel.be\/wp-content\/uploads\/2022\/04\/lines-small.png?id=411) !important;}&#8220; link=&#8220;\/de\/nachhaltigkeit\/econyl&#8220;][vc_empty_space height=&#8220;15px&#8220;][vc_custom_heading text=&#8220;ECONYL\u00ae&#8220; font_container=&#8220;tag:h4|text_align:left|color:%23000000&#8243; use_theme_fonts=&#8220;yes&#8220; link=&#8220;url:%2Fde%2Fnachhaltigkeit%2Feconyl|title:ECONYL%C2%AE&#8220;][vc_column_text]ECONYL\u00ae-Garne werden aus 100% regeneriertem Polyamide 6 gefertigt.[\/vc_column_text][vc_btn title=&#8220;Lesen Sie mehr \u00fcber ECONYL\u00ae&#8220; style=&#8220;classic&#8220; shape=&#8220;square&#8220; i_icon_fontawesome=&#8220;fa fa-solid fa-circle-arrow-right&#8220; css=&#8220;&#8220; add_icon=&#8220;true&#8220; link=&#8220;url:https%3A%2F%2Ftapibel.be%2Fde%2Fnachhaltigkeit%2Feconyl%2F|title:ECONYL%C2%AE&#8220; el_class=&#8220;textbtn&#8220;][\/vc_column_inner][vc_column_inner width=&#8220;1\/2&#8243;][vc_single_image image=&#8220;410&#8243; img_size=&#8220;full&#8220; alignment=&#8220;center&#8220; onclick=&#8220;custom_link&#8220; css=&#8220;.vc_custom_1738853605092{background: #000000 url(https:\/\/www.tapibel.be\/wp-content\/uploads\/2022\/04\/lines-small.png?id=411) !important;}&#8220; link=&#8220;https:\/\/tapibel.be\/de\/nachhaltigkeit\/ecofuse&#8220;][vc_empty_space height=&#8220;15px&#8220;][vc_custom_heading text=&#8220;Ecofuse&#8220; font_container=&#8220;tag:h4|text_align:left|color:%23000000&#8243; use_theme_fonts=&#8220;yes&#8220; link=&#8220;url:%2Fde%2Fnachhaltigkeit%2Fecofuse|title:Ecofuse&#8220;][vc_column_text]Ecofuse ist eine latexfreie und \u00f6kologische Alternative f\u00fcr die Beschichtung von Teppichb\u00f6den und Teppichfliesen.[\/vc_column_text][vc_btn title=&#8220;Lesen Sie mehr \u00fcber Ecofuse&#8220; style=&#8220;classic&#8220; shape=&#8220;square&#8220; i_icon_fontawesome=&#8220;fa fa-solid fa-circle-arrow-right&#8220; css=&#8220;&#8220; add_icon=&#8220;true&#8220; link=&#8220;url:https%3A%2F%2Ftapibel.be%2Fde%2Fnachhaltigkeit%2Fecofuse|title:Ecofuse&#8220; el_class=&#8220;textbtn&#8220;][\/vc_column_inner][\/vc_row_inner][vc_empty_space height=&#8220;30px&#8220;][vc_row_inner equal_height=&#8220;yes&#8220; el_class=&#8220;discover_label&#8220;][vc_column_inner width=&#8220;1\/2&#8243;][vc_single_image image=&#8220;418&#8243; img_size=&#8220;full&#8220; alignment=&#8220;center&#8220; onclick=&#8220;custom_link&#8220; css=&#8220;.vc_custom_1738853640767{background: #000000 url(https:\/\/www.tapibel.be\/wp-content\/uploads\/2022\/04\/lines-small.png?id=411) !important;}&#8220; link=&#8220;https:\/\/tapibel.be\/de\/nachhaltigkeit\/greenbase&#8220;][vc_empty_space height=&#8220;15px&#8220;][vc_custom_heading text=&#8220;Greenbase&#8220; font_container=&#8220;tag:h4|text_align:left|color:%23000000&#8243; use_theme_fonts=&#8220;yes&#8220; link=&#8220;url:%2Fde%2Fnachhaltigkeit%2Fgreenbase|title:Greenbase&#8220;][vc_column_text]Greenbase wird als Finish f\u00fcr die Teppichfliesen verwendet. Die modifizierte Bitumenunterlage besteht zu 70 % aus recyceltem Material.[\/vc_column_text][vc_btn title=&#8220;Lesen Sie mehr \u00fcber Greenbase&#8220; style=&#8220;classic&#8220; shape=&#8220;square&#8220; i_icon_fontawesome=&#8220;fa fa-solid fa-circle-arrow-right&#8220; css=&#8220;&#8220; add_icon=&#8220;true&#8220; link=&#8220;url:https%3A%2F%2Ftapibel.be%2Fde%2Fnachhaltigkeit%2Fgreenbase|title:Greenbase&#8220; el_class=&#8220;textbtn&#8220;][\/vc_column_inner][vc_column_inner width=&#8220;1\/2&#8243;][vc_single_image image=&#8220;33253&#8243; img_size=&#8220;medium&#8220; alignment=&#8220;center&#8220; onclick=&#8220;custom_link&#8220; css=&#8220;.vc_custom_1776326601710{background: #000000 url(https:\/\/www.tapibel.be\/wp-content\/uploads\/2022\/04\/lines-small.png?id=411) !important;}&#8220; link=&#8220;https:\/\/tapibel.be\/de\/nachhaltigkeit\/ecofuse&#8220;][vc_empty_space height=&#8220;15px&#8220;][vc_custom_heading text=&#8220;Environmental Product Declaration&#8220; font_container=&#8220;tag:h4|text_align:left|color:%23000000&#8243; use_theme_fonts=&#8220;yes&#8220; css=&#8220;&#8220; link=&#8220;url:%2Fde%2Fnachhaltigkeit%2Fecofuse|title:Ecofuse&#8220;][vc_column_text css=&#8220;&#8220;]<span class=\"cf0\">Ein transparenter Bericht, der die Umweltwirkungen eines Produkts \u00fcber seinen gesamten Lebenszyklus hinweg aufzeigt.<\/span><!--EndFragment -->[\/vc_column_text][vc_btn title=&#8220;Lesen sie mehr \u00fcber EPD&#8220; style=&#8220;classic&#8220; shape=&#8220;square&#8220; i_icon_fontawesome=&#8220;fa fa-solid fa-circle-arrow-right&#8220; css=&#8220;&#8220; add_icon=&#8220;true&#8220; link=&#8220;url:https%3A%2F%2Ftapibel.be%2Fde%2Fnachhaltigkeit%2Fecofuse|title:Ecofuse&#8220; el_class=&#8220;textbtn&#8220;][\/vc_column_inner][\/vc_row_inner][\/vc_column][\/vc_row]<\/p>\n<\/div>","protected":false},"excerpt":{"rendered":"<p>[vc_row full_width=&#8220;stretch_row&#8220; equal_height=&#8220;yes&#8220; el_class=&#8220;slider_sec&#8220; css=&#8220;.vc_custom_1649669041960{margin-bottom: 4em !important;background-color: #000000 !important;}&#8220;][vc_column width=&#8220;5\/12&#8243;][vc_custom_heading text=&#8220;Nachhaltigkeit&#8220; font_container=&#8220;tag:h1|text_align:left|color:%23ffffff&#8220; use_theme_fonts=&#8220;yes&#8220; el_class=&#8220;bigheading&#8220;][vc_btn title=&#8220;Entdecken Sie unsere nachhaltigen Initiativen&#8220; style=&#8220;classic&#8220; shape=&#8220;square&#8220; i_icon_fontawesome=&#8220;far fa-arrow-alt-circle-right&#8220; add_icon=&#8220;true&#8220; link=&#8220;url:%23duurzaamheid|title:Sustainability&#8220; el_class=&#8220;cusbtn<span class=\"excerpt-hellip\"> &#8230;<\/span><\/p>\n","protected":false},"author":4,"featured_media":0,"parent":0,"menu_order":0,"comment_status":"closed","ping_status":"closed","template":"","meta":{"_acf_changed":false,"inline_featured_image":false,"footnotes":""},"class_list":["post-5506","page","type-page","status-publish","hentry"],"acf":[],"yoast_head":"<!-- This site is optimized with the Yoast SEO plugin v26.9 - https:\/\/yoast.com\/product\/yoast-seo-wordpress\/ -->\n<title>Unsere Nachhaltigkeitsinitiativen f\u00fcr einen gr\u00fcneren Planeten \u2013 Tapibel<\/title>\n<meta name=\"description\" content=\"Nachhaltigkeit ist eine Priorit\u00e4t bei Tapibel. Wir haben viele initiativen f\u00fcr einen gr\u00fcneren Planeten. Lesen Sie unsere Geschichte hier!\" \/>\n<meta name=\"robots\" content=\"index, follow, max-snippet:-1, max-image-preview:large, max-video-preview:-1\" \/>\n<link rel=\"canonical\" href=\"https:\/\/www.tapibel.be\/sustainability\" \/>\n<meta property=\"og:locale\" content=\"de_DE\" \/>\n<meta property=\"og:type\" content=\"article\" \/>\n<meta property=\"og:title\" content=\"Unsere Nachhaltigkeitsinitiativen f\u00fcr einen gr\u00fcneren Planeten \u2013 Tapibel\" \/>\n<meta property=\"og:description\" content=\"Nachhaltigkeit ist eine Priorit\u00e4t bei Tapibel. Wir haben viele initiativen f\u00fcr einen gr\u00fcneren Planeten. Lesen Sie unsere Geschichte hier!\" \/>\n<meta property=\"og:url\" content=\"https:\/\/www.tapibel.be\/sustainability\" \/>\n<meta property=\"og:site_name\" content=\"Tapibel\" \/>\n<meta property=\"article:modified_time\" content=\"2026-04-16T08:03:33+00:00\" \/>\n<meta name=\"twitter:card\" content=\"summary_large_image\" \/>\n<meta name=\"twitter:label1\" content=\"Gesch\u00e4tzte Lesezeit\" \/>\n\t<meta name=\"twitter:data1\" content=\"4\u00a0Minuten\" \/>\n<script type=\"application\/ld+json\" class=\"yoast-schema-graph\">{\"@context\":\"https:\/\/schema.org\",\"@graph\":[{\"@type\":\"WebPage\",\"@id\":\"https:\/\/www.tapibel.be\/de\/nachhaltigkeit\",\"url\":\"https:\/\/www.tapibel.be\/sustainability\",\"name\":\"Unsere Nachhaltigkeitsinitiativen f\u00fcr einen gr\u00fcneren Planeten \u2013 Tapibel\",\"isPartOf\":{\"@id\":\"https:\/\/www.tapibel.be\/#website\"},\"datePublished\":\"2022-04-15T11:11:21+00:00\",\"dateModified\":\"2026-04-16T08:03:33+00:00\",\"description\":\"Nachhaltigkeit ist eine Priorit\u00e4t bei Tapibel. Wir haben viele initiativen f\u00fcr einen gr\u00fcneren Planeten. Lesen Sie unsere Geschichte hier!\",\"breadcrumb\":{\"@id\":\"https:\/\/www.tapibel.be\/sustainability#breadcrumb\"},\"inLanguage\":\"de\",\"potentialAction\":[{\"@type\":\"ReadAction\",\"target\":[\"https:\/\/www.tapibel.be\/sustainability\"]}]},{\"@type\":\"BreadcrumbList\",\"@id\":\"https:\/\/www.tapibel.be\/sustainability#breadcrumb\",\"itemListElement\":[{\"@type\":\"ListItem\",\"position\":1,\"name\":\"Home\",\"item\":\"https:\/\/www.tapibel.be\/\"},{\"@type\":\"ListItem\",\"position\":2,\"name\":\"Nachhaltigkeit\"}]},{\"@type\":\"WebSite\",\"@id\":\"https:\/\/www.tapibel.be\/#website\",\"url\":\"https:\/\/www.tapibel.be\/\",\"name\":\"Tapibel\",\"description\":\"Your carpet, our tradition\",\"potentialAction\":[{\"@type\":\"SearchAction\",\"target\":{\"@type\":\"EntryPoint\",\"urlTemplate\":\"https:\/\/www.tapibel.be\/?s={search_term_string}\"},\"query-input\":{\"@type\":\"PropertyValueSpecification\",\"valueRequired\":true,\"valueName\":\"search_term_string\"}}],\"inLanguage\":\"de\"}]}<\/script>\n<!-- \/ Yoast SEO plugin. -->","yoast_head_json":{"title":"Unsere Nachhaltigkeitsinitiativen f\u00fcr einen gr\u00fcneren Planeten \u2013 Tapibel","description":"Nachhaltigkeit ist eine Priorit\u00e4t bei Tapibel. Wir haben viele initiativen f\u00fcr einen gr\u00fcneren Planeten. Lesen Sie unsere Geschichte hier!","robots":{"index":"index","follow":"follow","max-snippet":"max-snippet:-1","max-image-preview":"max-image-preview:large","max-video-preview":"max-video-preview:-1"},"canonical":"https:\/\/www.tapibel.be\/sustainability","og_locale":"de_DE","og_type":"article","og_title":"Unsere Nachhaltigkeitsinitiativen f\u00fcr einen gr\u00fcneren Planeten \u2013 Tapibel","og_description":"Nachhaltigkeit ist eine Priorit\u00e4t bei Tapibel. Wir haben viele initiativen f\u00fcr einen gr\u00fcneren Planeten. Lesen Sie unsere Geschichte hier!","og_url":"https:\/\/www.tapibel.be\/sustainability","og_site_name":"Tapibel","article_modified_time":"2026-04-16T08:03:33+00:00","twitter_card":"summary_large_image","twitter_misc":{"Gesch\u00e4tzte Lesezeit":"4\u00a0Minuten"},"schema":{"@context":"https:\/\/schema.org","@graph":[{"@type":"WebPage","@id":"https:\/\/www.tapibel.be\/de\/nachhaltigkeit","url":"https:\/\/www.tapibel.be\/sustainability","name":"Unsere Nachhaltigkeitsinitiativen f\u00fcr einen gr\u00fcneren Planeten \u2013 Tapibel","isPartOf":{"@id":"https:\/\/www.tapibel.be\/#website"},"datePublished":"2022-04-15T11:11:21+00:00","dateModified":"2026-04-16T08:03:33+00:00","description":"Nachhaltigkeit ist eine Priorit\u00e4t bei Tapibel. Wir haben viele initiativen f\u00fcr einen gr\u00fcneren Planeten. Lesen Sie unsere Geschichte hier!","breadcrumb":{"@id":"https:\/\/www.tapibel.be\/sustainability#breadcrumb"},"inLanguage":"de","potentialAction":[{"@type":"ReadAction","target":["https:\/\/www.tapibel.be\/sustainability"]}]},{"@type":"BreadcrumbList","@id":"https:\/\/www.tapibel.be\/sustainability#breadcrumb","itemListElement":[{"@type":"ListItem","position":1,"name":"Home","item":"https:\/\/www.tapibel.be\/"},{"@type":"ListItem","position":2,"name":"Nachhaltigkeit"}]},{"@type":"WebSite","@id":"https:\/\/www.tapibel.be\/#website","url":"https:\/\/www.tapibel.be\/","name":"Tapibel","description":"Your carpet, our tradition","potentialAction":[{"@type":"SearchAction","target":{"@type":"EntryPoint","urlTemplate":"https:\/\/www.tapibel.be\/?s={search_term_string}"},"query-input":{"@type":"PropertyValueSpecification","valueRequired":true,"valueName":"search_term_string"}}],"inLanguage":"de"}]}},"_links":{"self":[{"href":"https:\/\/www.tapibel.be\/de\/wp-json\/wp\/v2\/pages\/5506","targetHints":{"allow":["GET"]}}],"collection":[{"href":"https:\/\/www.tapibel.be\/de\/wp-json\/wp\/v2\/pages"}],"about":[{"href":"https:\/\/www.tapibel.be\/de\/wp-json\/wp\/v2\/types\/page"}],"author":[{"embeddable":true,"href":"https:\/\/www.tapibel.be\/de\/wp-json\/wp\/v2\/users\/4"}],"replies":[{"embeddable":true,"href":"https:\/\/www.tapibel.be\/de\/wp-json\/wp\/v2\/comments?post=5506"}],"version-history":[{"count":10,"href":"https:\/\/www.tapibel.be\/de\/wp-json\/wp\/v2\/pages\/5506\/revisions"}],"predecessor-version":[{"id":33268,"href":"https:\/\/www.tapibel.be\/de\/wp-json\/wp\/v2\/pages\/5506\/revisions\/33268"}],"wp:attachment":[{"href":"https:\/\/www.tapibel.be\/de\/wp-json\/wp\/v2\/media?parent=5506"}],"curies":[{"name":"wp","href":"https:\/\/api.w.org\/{rel}","templated":true}]}}