{"id":7472,"date":"2022-08-02T10:33:07","date_gmt":"2022-08-02T08:33:07","guid":{"rendered":"https:\/\/www.tapibel.be\/?page_id=7472"},"modified":"2025-03-14T11:52:17","modified_gmt":"2025-03-14T10:52:17","slug":"cobalt-colour-concept","status":"publish","type":"page","link":"https:\/\/www.tapibel.be\/de\/cobalt-colour-concept","title":{"rendered":"Cobalt Colour Concept"},"content":{"rendered":"<div class=\"wpb-content-wrapper\"><p>[vc_row full_width=&#8220;stretch_row&#8220; equal_height=&#8220;yes&#8220; el_class=&#8220;slider_sec&#8220; css=&#8220;.vc_custom_1649669041960{margin-bottom: 4em !important;background-color: #000000 !important;}&#8220;][vc_column width=&#8220;5\/12&#8243;][vc_custom_heading text=&#8220;Cobalt Colour Concept&#8220; font_container=&#8220;tag:h1|text_align:left|color:%23ffffff&#8220; use_theme_fonts=&#8220;yes&#8220; el_class=&#8220;bigheading&#8220;][vc_empty_space height=&#8220;40px&#8220;][\/vc_column][vc_column width=&#8220;7\/12&#8243;][vc_single_image image=&#8220;3739&#8243; img_size=&#8220;full&#8220; alignment=&#8220;center&#8220; css=&#8220;.vc_custom_1656926424450{margin-bottom: -4em !important;}&#8220; el_class=&#8220;object-cover object-right max-800&#8243;][\/vc_column][\/vc_row][vc_row css=&#8220;.vc_custom_1649763844963{padding-top: 4em !important;padding-bottom: 4em !important;}&#8220;][vc_column][vc_custom_heading text=&#8220;Passen sie den Teppichboden an ihr interieur an&#8220; font_container=&#8220;tag:h2|text_align:left|color:%23ae9a63&#8243; use_theme_fonts=&#8220;yes&#8220; css=&#8220;&#8220; el_class=&#8220;cusheading&#8220;][vc_empty_space height=&#8220;10px&#8220;][vc_column_text css=&#8220;&#8220; el_class=&#8220;text-gray&#8220;]Wir bei Tapibel lieben kreative Herausforderungen, wobei unsere Kunden stets im Mittelpunkt stehen. Neben unseren Anspr\u00fcchen an Qualit\u00e4t, Fortschrittlichkeit, Aussehen und Langlebigkeit m\u00f6chten wir auch Ihre Fantasie anregen, und das tun wir mit unserem brandneuen <strong>Cobalt Colour Concept.<\/strong><\/p>\n<p>F\u00fcr Projekte von <strong>mehr als 400 m\u00b2<\/strong> kreieren wir speziell f\u00fcr Sie eine individuelle und einzigartige Farbkombination! Sie m\u00f6chten Ihren Bodenbelag selbst gestalten? Dann lassen Sie sich von unseren vorr\u00e4tigen Kollektionen inspirieren. Mit den Mustern unserer Design-Kollektionen Cobalt SDN und ECONYL\u00ae haben Sie unendlich viele M\u00f6glichkeiten, um den perfekten Teppich f\u00fcr Ihr Interieur zu entwerfen.<\/p>\n<p>&nbsp;<\/p>\n<p>W\u00e4hlen Sie ein Muster aus den <strong>Cobalt-Design-Kollektionen<\/strong>: Hexagon Art, Grunge, Relined und Expression oder aus den <strong><a href=\"https:\/\/www.tapibel.be\/de\/econyl\">ECONYL\u00ae Design<\/a> -Kollektionen:<\/strong> Shoreline, Diamond Art, Artisan Tweed und Urban Textures. Zusammen mit unseren 28 Cobalt-SDN-Farben erf\u00fcllen wir Ihnen praktisch jeden Wunsch.<\/p>\n<p>&nbsp;<\/p>\n<p><strong>Und so geht\u2018s!<\/strong> Sobald Ihre Kreativit\u00e4t geweckt ist, f\u00fchren Sie die n\u00e4chsten drei Schritte ans Ziel:<\/p>\n<ol>\n<li>Schritt 1: W\u00e4hlen Sie das gew\u00fcnschte Design aus unseren Kollektionen Cobalt SDN oder ECONYL\u00ae.<\/li>\n<li>Schritt 2: W\u00e4hlen Sie aus unseren 28 verf\u00fcgbaren Optionen zwei Cobalt-SDN-Farben aus.<\/li>\n<li>Schritt 3: Bestellen Sie Ihr individuelles Muster.<\/li>\n<\/ol>\n<p>Wir m\u00f6chten f\u00fcr Sie als unseren Kunden ein Konzept erstellen, das einzigartig ist und Ihnen einen Bodenbelag bieten, der genau auf Ihre W\u00fcnsche zugeschnitten ist. Mit diesem Konzept l\u00e4sst sich jede Idee verwirklichen. Brauchen Sie Inspiration? Dann werfen Sie doch einen Blick auf unsere <a href=\"https:\/\/www.pinterest.com\/tapibelbelgium\/\">Pinterest-Seite<\/a>![\/vc_column_text][vc_empty_space height=&#8220;20px&#8220;][vc_single_image image=&#8220;4618&#8243; img_size=&#8220;full&#8220; alignment=&#8220;center&#8220;][vc_btn title=&#8220;Unsere Cobalt-SDN-Kollektionsseite ansehen&#8220; style=&#8220;classic&#8220; shape=&#8220;square&#8220; i_align=&#8220;right&#8220; i_icon_fontawesome=&#8220;far fa-arrow-alt-circle-right&#8220; css=&#8220;&#8220; add_icon=&#8220;true&#8220; link=&#8220;url:https%3A%2F%2Fwww.tapibel.be%2Fde%2Fkollektionen%2Fcobalt-sdn%2F|&#8220; el_class=&#8220;cusbtn fill_icon_btn&#8220;][\/vc_column][\/vc_row][vc_row full_width=&#8220;stretch_row&#8220; equal_height=&#8220;yes&#8220; el_class=&#8220;sustainability_sec no_color&#8220; css=&#8220;.vc_custom_1656927725863{padding-top: 6em !important;padding-bottom: 6em !important;background-image: url(https:\/\/www.tapibel.be\/wp-content\/uploads\/2022\/05\/l_1585746593_soneva.jpg?id=3824) !important;background-position: center !important;background-repeat: no-repeat !important;background-size: cover !important;}&#8220;][vc_column width=&#8220;1\/3&#8243; css=&#8220;.vc_custom_1656927866067{margin-left: -12vw !important;}&#8220;][vc_custom_heading text=&#8220;Kontakt mit dem Tapibel Sales Desk&#8220; font_container=&#8220;tag:h3|text_align:left|color:%23ffffff&#8220; use_theme_fonts=&#8220;yes&#8220; css=&#8220;&#8220; el_class=&#8220;cusheading-small&#8220;][vc_column_text css=&#8220;&#8220;]Ist Ihre Wahl bereits getroffen? Oder m\u00f6chten Sie mehr Informationen? Dann wenden Sie sich bitte an den Tapibel Sales Desk.[\/vc_column_text][vc_empty_space height=&#8220;20px&#8220;][vc_btn title=&#8220;Kontakteren Sie die Sales Desk&#8220; style=&#8220;classic&#8220; shape=&#8220;square&#8220; i_icon_fontawesome=&#8220;far fa-arrow-alt-circle-right&#8220; css=&#8220;&#8220; add_icon=&#8220;true&#8220; el_class=&#8220;cusbtn textbtn whitebtn&#8220; link=&#8220;url:mailto%3Asales%40tapibel.be&#8220;][\/vc_column][vc_column width=&#8220;2\/3&#8243;][\/vc_column][\/vc_row]<\/p>\n<\/div>","protected":false},"excerpt":{"rendered":"<p>[vc_row full_width=&#8220;stretch_row&#8220; equal_height=&#8220;yes&#8220; el_class=&#8220;slider_sec&#8220; css=&#8220;.vc_custom_1649669041960{margin-bottom: 4em !important;background-color: #000000 !important;}&#8220;][vc_column width=&#8220;5\/12&#8243;][vc_custom_heading text=&#8220;Cobalt Colour Concept&#8220; font_container=&#8220;tag:h1|text_align:left|color:%23ffffff&#8220; use_theme_fonts=&#8220;yes&#8220; el_class=&#8220;bigheading&#8220;][vc_empty_space height=&#8220;40px&#8220;][\/vc_column][vc_column width=&#8220;7\/12&#8243;][vc_single_image image=&#8220;3739&#8243; img_size=&#8220;full&#8220; alignment=&#8220;center&#8220; css=&#8220;.vc_custom_1656926424450{margin-bottom: -4em !important;}&#8220; el_class=&#8220;object-cover object-right<span class=\"excerpt-hellip\"> &#8230;<\/span><\/p>\n","protected":false},"author":5,"featured_media":0,"parent":0,"menu_order":0,"comment_status":"closed","ping_status":"closed","template":"","meta":{"_acf_changed":false,"inline_featured_image":false,"footnotes":""},"class_list":["post-7472","page","type-page","status-publish","hentry"],"acf":[],"yoast_head":"<!-- This site is optimized with the Yoast SEO plugin v26.9 - https:\/\/yoast.com\/product\/yoast-seo-wordpress\/ -->\n<title>Lassen Sie sich von unserem Cobalt Colour Concept inspirieren \u2013 Tapibel<\/title>\n<meta name=\"description\" content=\"M\u00f6chten Sie eine einzigartige Einrichtung? Kreieren Sie den Teppich Ihrer Tr\u00e4ume mit dem Cobalt Colour Concept! Lesen Sie mehr!\" \/>\n<meta name=\"robots\" content=\"index, follow, max-snippet:-1, max-image-preview:large, max-video-preview:-1\" \/>\n<link rel=\"canonical\" href=\"https:\/\/www.tapibel.be\/cobalt-colour-concept\" \/>\n<meta property=\"og:locale\" content=\"de_DE\" \/>\n<meta property=\"og:type\" content=\"article\" \/>\n<meta property=\"og:title\" content=\"Lassen Sie sich von unserem Cobalt Colour Concept inspirieren \u2013 Tapibel\" \/>\n<meta property=\"og:description\" content=\"M\u00f6chten Sie eine einzigartige Einrichtung? Kreieren Sie den Teppich Ihrer Tr\u00e4ume mit dem Cobalt Colour Concept! Lesen Sie mehr!\" \/>\n<meta property=\"og:url\" content=\"https:\/\/www.tapibel.be\/cobalt-colour-concept\" \/>\n<meta property=\"og:site_name\" content=\"Tapibel\" \/>\n<meta property=\"article:modified_time\" content=\"2025-03-14T10:52:17+00:00\" \/>\n<meta name=\"twitter:card\" content=\"summary_large_image\" \/>\n<meta name=\"twitter:label1\" content=\"Gesch\u00e4tzte Lesezeit\" \/>\n\t<meta name=\"twitter:data1\" content=\"3\u00a0Minuten\" \/>\n<script type=\"application\/ld+json\" class=\"yoast-schema-graph\">{\"@context\":\"https:\/\/schema.org\",\"@graph\":[{\"@type\":\"WebPage\",\"@id\":\"https:\/\/www.tapibel.be\/cobalt-colour-concept\",\"url\":\"https:\/\/www.tapibel.be\/cobalt-colour-concept\",\"name\":\"Lassen Sie sich von unserem Cobalt Colour Concept inspirieren \u2013 Tapibel\",\"isPartOf\":{\"@id\":\"https:\/\/www.tapibel.be\/#website\"},\"datePublished\":\"2022-08-02T08:33:07+00:00\",\"dateModified\":\"2025-03-14T10:52:17+00:00\",\"description\":\"M\u00f6chten Sie eine einzigartige Einrichtung? Kreieren Sie den Teppich Ihrer Tr\u00e4ume mit dem Cobalt Colour Concept! Lesen Sie mehr!\",\"breadcrumb\":{\"@id\":\"https:\/\/www.tapibel.be\/cobalt-colour-concept#breadcrumb\"},\"inLanguage\":\"de\",\"potentialAction\":[{\"@type\":\"ReadAction\",\"target\":[\"https:\/\/www.tapibel.be\/cobalt-colour-concept\"]}]},{\"@type\":\"BreadcrumbList\",\"@id\":\"https:\/\/www.tapibel.be\/cobalt-colour-concept#breadcrumb\",\"itemListElement\":[{\"@type\":\"ListItem\",\"position\":1,\"name\":\"Home\",\"item\":\"https:\/\/www.tapibel.be\/\"},{\"@type\":\"ListItem\",\"position\":2,\"name\":\"Cobalt Colour Concept\"}]},{\"@type\":\"WebSite\",\"@id\":\"https:\/\/www.tapibel.be\/#website\",\"url\":\"https:\/\/www.tapibel.be\/\",\"name\":\"Tapibel\",\"description\":\"Your carpet, our tradition\",\"potentialAction\":[{\"@type\":\"SearchAction\",\"target\":{\"@type\":\"EntryPoint\",\"urlTemplate\":\"https:\/\/www.tapibel.be\/?s={search_term_string}\"},\"query-input\":{\"@type\":\"PropertyValueSpecification\",\"valueRequired\":true,\"valueName\":\"search_term_string\"}}],\"inLanguage\":\"de\"}]}<\/script>\n<!-- \/ Yoast SEO plugin. -->","yoast_head_json":{"title":"Lassen Sie sich von unserem Cobalt Colour Concept inspirieren \u2013 Tapibel","description":"M\u00f6chten Sie eine einzigartige Einrichtung? Kreieren Sie den Teppich Ihrer Tr\u00e4ume mit dem Cobalt Colour Concept! Lesen Sie mehr!","robots":{"index":"index","follow":"follow","max-snippet":"max-snippet:-1","max-image-preview":"max-image-preview:large","max-video-preview":"max-video-preview:-1"},"canonical":"https:\/\/www.tapibel.be\/cobalt-colour-concept","og_locale":"de_DE","og_type":"article","og_title":"Lassen Sie sich von unserem Cobalt Colour Concept inspirieren \u2013 Tapibel","og_description":"M\u00f6chten Sie eine einzigartige Einrichtung? Kreieren Sie den Teppich Ihrer Tr\u00e4ume mit dem Cobalt Colour Concept! Lesen Sie mehr!","og_url":"https:\/\/www.tapibel.be\/cobalt-colour-concept","og_site_name":"Tapibel","article_modified_time":"2025-03-14T10:52:17+00:00","twitter_card":"summary_large_image","twitter_misc":{"Gesch\u00e4tzte Lesezeit":"3\u00a0Minuten"},"schema":{"@context":"https:\/\/schema.org","@graph":[{"@type":"WebPage","@id":"https:\/\/www.tapibel.be\/cobalt-colour-concept","url":"https:\/\/www.tapibel.be\/cobalt-colour-concept","name":"Lassen Sie sich von unserem Cobalt Colour Concept inspirieren \u2013 Tapibel","isPartOf":{"@id":"https:\/\/www.tapibel.be\/#website"},"datePublished":"2022-08-02T08:33:07+00:00","dateModified":"2025-03-14T10:52:17+00:00","description":"M\u00f6chten Sie eine einzigartige Einrichtung? Kreieren Sie den Teppich Ihrer Tr\u00e4ume mit dem Cobalt Colour Concept! Lesen Sie mehr!","breadcrumb":{"@id":"https:\/\/www.tapibel.be\/cobalt-colour-concept#breadcrumb"},"inLanguage":"de","potentialAction":[{"@type":"ReadAction","target":["https:\/\/www.tapibel.be\/cobalt-colour-concept"]}]},{"@type":"BreadcrumbList","@id":"https:\/\/www.tapibel.be\/cobalt-colour-concept#breadcrumb","itemListElement":[{"@type":"ListItem","position":1,"name":"Home","item":"https:\/\/www.tapibel.be\/"},{"@type":"ListItem","position":2,"name":"Cobalt Colour Concept"}]},{"@type":"WebSite","@id":"https:\/\/www.tapibel.be\/#website","url":"https:\/\/www.tapibel.be\/","name":"Tapibel","description":"Your carpet, our tradition","potentialAction":[{"@type":"SearchAction","target":{"@type":"EntryPoint","urlTemplate":"https:\/\/www.tapibel.be\/?s={search_term_string}"},"query-input":{"@type":"PropertyValueSpecification","valueRequired":true,"valueName":"search_term_string"}}],"inLanguage":"de"}]}},"_links":{"self":[{"href":"https:\/\/www.tapibel.be\/de\/wp-json\/wp\/v2\/pages\/7472","targetHints":{"allow":["GET"]}}],"collection":[{"href":"https:\/\/www.tapibel.be\/de\/wp-json\/wp\/v2\/pages"}],"about":[{"href":"https:\/\/www.tapibel.be\/de\/wp-json\/wp\/v2\/types\/page"}],"author":[{"embeddable":true,"href":"https:\/\/www.tapibel.be\/de\/wp-json\/wp\/v2\/users\/5"}],"replies":[{"embeddable":true,"href":"https:\/\/www.tapibel.be\/de\/wp-json\/wp\/v2\/comments?post=7472"}],"version-history":[{"count":5,"href":"https:\/\/www.tapibel.be\/de\/wp-json\/wp\/v2\/pages\/7472\/revisions"}],"predecessor-version":[{"id":21273,"href":"https:\/\/www.tapibel.be\/de\/wp-json\/wp\/v2\/pages\/7472\/revisions\/21273"}],"wp:attachment":[{"href":"https:\/\/www.tapibel.be\/de\/wp-json\/wp\/v2\/media?parent=7472"}],"curies":[{"name":"wp","href":"https:\/\/api.w.org\/{rel}","templated":true}]}}