{"id":13580,"date":"2023-04-27T15:57:09","date_gmt":"2023-04-27T13:57:09","guid":{"rendered":"https:\/\/www.tapibel.be\/?post_type=product&#038;p=13580"},"modified":"2026-04-15T15:26:37","modified_gmt":"2026-04-15T13:26:37","slug":"medina","status":"publish","type":"product","link":"https:\/\/www.tapibel.be\/de\/kollektionen\/medina\/","title":{"rendered":"Medina"},"content":{"rendered":"<p><strong>Medina<\/strong> hat einen verspielten Rippeneffekt, dessen Optik einem handgetufteten Teppich gleichkommt. Die Kollektion f\u00e4llt in die Benutzerklasse 33, wodurch sie sich f\u00fcr die Gestaltung im gehobenen Wohn- und Gastgewerbesegment eignet.<\/p>\n<p>Medina reiht sich zwischen <a href=\"https:\/\/www.tapibel.be\/de?attachment_id=17929\">Almyra<\/a>, <a href=\"https:\/\/www.tapibel.be\/de?attachment_id=18140\">Soneva<\/a>, <a href=\"https:\/\/www.tapibel.be\/de?attachment_id=18000\">Matera,<\/a>\u00a0<a href=\"https:\/\/www.tapibel.be\/de\/kollektionen\/matera-primo\/\">Matera Primo<\/a> und <a href=\"https:\/\/www.tapibel.be\/de?attachment_id=18190\">Zalina<\/a> ein, da wir f\u00fcr die Herstellung das gleiche Ursprungsgarn verwenden. Kommen Ihnen \u201eBora Bora\u201c, \u201eWyoming\u201c und \u201eWhale Bay\u201c schon bekannt vor? Das ist kein Zufall, denn sie sind in jeder New Worlds-Kollektion vertreten.<\/p>\n<p>Genau wie die anderen New Worlds-Kollektionen ist Medina ein \u00f6kologischer Teppich. Er wird aus 100% regeneriertem ECONYL\u00ae-Garn hergestellt. Der hohe Flor und die hohe Dichte machen diese Kollektion zum luxuri\u00f6sesten Mitglied der Familie. Durch die Samt-Veredlung ideal f\u00fcr den Einsatz in Form von Teppichbr\u00fccken oder -l\u00e4ufern.<\/p>\n<p>Sie k\u00f6nnen dank des widerstandsf\u00e4higen zweif\u00e4digen Solution-Dyed-Garns auf beste Leistung z\u00e4hlen. F\u00fcr die Farbauswahl stehen Ihnen 6 zeitlose Farben zur Verf\u00fcgung.<\/p>\n<p>Medina <!--StartFragment --><span class=\"cf0\">besteht aus hochwertigen, langlebigen Materialien, die das Wohlbefinden des Nutzers durch guten Gehkomfort und leise Akustik f\u00f6rdern. <\/span>Diese Qualit\u00e4t ist auch auf 4 m breiten Action-Back-Rollen erh\u00e4ltlich.<\/p>\n<h3><!--StartFragment --><span class=\"cf0\">Verf\u00fcgbare Formate<\/span><!--EndFragment --><\/h3>\n<p>Dieser Kollektion ist als <strong>Teppichboden <\/strong>und als<strong> Teppiche erh\u00e4ltlich<\/strong>.<\/p>\n","protected":false},"excerpt":{"rendered":"<p><strong>Stil:<\/strong> zweif\u00e4diger Schnittflor (Rippensamt)<\/p>\n<p><strong>Garntyp:<\/strong> ECONYL\u00ae SDN<\/p>\n<p><strong>Polh\u00f6he:<\/strong> 11,5 mm<\/p>\n<p><strong>Klassifikation: <\/strong>Klasse 33 (intensive Nutzung)<\/p>\n<p><strong>Florgewicht<\/strong>: 1950 g\/m\u00b2<\/p>\n<p><strong>Brennverhalten: <\/strong>CfL-S1<\/p>\n","protected":false},"featured_media":18772,"comment_status":"closed","ping_status":"closed","template":"","meta":{"_acf_changed":false,"inline_featured_image":false},"product_brand":[],"product_cat":[725,857],"product_tag":[1130,1148,1198],"class_list":{"0":"post-13580","1":"product","2":"type-product","3":"status-publish","4":"has-post-thumbnail","6":"product_cat-teppichboden-de","7":"product_cat-teppiche","8":"product_tag-handgetuftete-optik","9":"product_tag-luxurios","10":"product_tag-weich","12":"first","13":"instock","14":"shipping-taxable","15":"purchasable","16":"product-type-variable"},"acf":[],"yoast_head":"<!-- This site is optimized with the Yoast SEO plugin v26.9 - https:\/\/yoast.com\/product\/yoast-seo-wordpress\/ -->\n<title>Medina - Tapibel<\/title>\n<meta name=\"description\" content=\"Medina hat einen verspielten Rippeneffekt, dessen Optik einem handgetufteten Teppich gleichkommt. Entdecken Sie mehr \u00fcber diese Kollektion!\" \/>\n<meta name=\"robots\" content=\"index, follow, max-snippet:-1, max-image-preview:large, max-video-preview:-1\" \/>\n<link rel=\"canonical\" href=\"https:\/\/www.tapibel.be\/de\/kollektionen\/medina\" \/>\n<meta property=\"og:locale\" content=\"de_DE\" \/>\n<meta property=\"og:type\" content=\"article\" \/>\n<meta property=\"og:title\" content=\"Medina - Tapibel\" \/>\n<meta property=\"og:description\" content=\"Medina hat einen verspielten Rippeneffekt, dessen Optik einem handgetufteten Teppich gleichkommt. Entdecken Sie mehr \u00fcber diese Kollektion!\" \/>\n<meta property=\"og:url\" content=\"https:\/\/www.tapibel.be\/de\/kollektionen\/medina\" \/>\n<meta property=\"og:site_name\" content=\"Tapibel\" \/>\n<meta property=\"article:modified_time\" content=\"2026-04-15T13:26:37+00:00\" \/>\n<meta property=\"og:image\" content=\"https:\/\/www.tapibel.be\/wp-content\/uploads\/2023\/04\/Medina.jpg\" \/>\n\t<meta property=\"og:image:width\" content=\"500\" \/>\n\t<meta property=\"og:image:height\" content=\"500\" \/>\n\t<meta property=\"og:image:type\" content=\"image\/jpeg\" \/>\n<meta name=\"twitter:card\" content=\"summary_large_image\" \/>\n<meta name=\"twitter:label1\" content=\"Verf\u00fcgbarkeit\" \/>\n\t<meta name=\"twitter:data1\" content=\"Auf Lager\" \/>\n<script type=\"application\/ld+json\" class=\"yoast-schema-graph\">{\"@context\":\"https:\/\/schema.org\",\"@graph\":[{\"@type\":\"WebPage\",\"@id\":\"https:\/\/www.tapibel.be\/de\/kollektionen\/medina\",\"url\":\"https:\/\/www.tapibel.be\/de\/kollektionen\/medina\",\"name\":\"Medina - Tapibel\",\"isPartOf\":{\"@id\":\"https:\/\/www.tapibel.be\/#website\"},\"primaryImageOfPage\":{\"@id\":\"https:\/\/www.tapibel.be\/de\/kollektionen\/medina#primaryimage\"},\"image\":{\"@id\":\"https:\/\/www.tapibel.be\/de\/kollektionen\/medina#primaryimage\"},\"thumbnailUrl\":\"https:\/\/www.tapibel.be\/wp-content\/uploads\/2023\/04\/Medina.jpg\",\"datePublished\":\"2023-04-27T13:57:09+00:00\",\"dateModified\":\"2026-04-15T13:26:37+00:00\",\"description\":\"Medina hat einen verspielten Rippeneffekt, dessen Optik einem handgetufteten Teppich gleichkommt. Entdecken Sie mehr \u00fcber diese Kollektion!\",\"breadcrumb\":{\"@id\":\"https:\/\/www.tapibel.be\/de\/kollektionen\/medina#breadcrumb\"},\"inLanguage\":\"de\",\"potentialAction\":[{\"@type\":\"ReadAction\",\"target\":[\"https:\/\/www.tapibel.be\/de\/kollektionen\/medina\"]}]},{\"@type\":\"ImageObject\",\"inLanguage\":\"de\",\"@id\":\"https:\/\/www.tapibel.be\/de\/kollektionen\/medina#primaryimage\",\"url\":\"https:\/\/www.tapibel.be\/wp-content\/uploads\/2023\/04\/Medina.jpg\",\"contentUrl\":\"https:\/\/www.tapibel.be\/wp-content\/uploads\/2023\/04\/Medina.jpg\",\"width\":500,\"height\":500},{\"@type\":\"BreadcrumbList\",\"@id\":\"https:\/\/www.tapibel.be\/de\/kollektionen\/medina#breadcrumb\",\"itemListElement\":[{\"@type\":\"ListItem\",\"position\":1,\"name\":\"Home\",\"item\":\"https:\/\/www.tapibel.be\/\"},{\"@type\":\"ListItem\",\"position\":2,\"name\":\"Shop\",\"item\":\"https:\/\/www.tapibel.be\/de\/shop-2\"},{\"@type\":\"ListItem\",\"position\":3,\"name\":\"Medina\"}]},{\"@type\":\"WebSite\",\"@id\":\"https:\/\/www.tapibel.be\/#website\",\"url\":\"https:\/\/www.tapibel.be\/\",\"name\":\"Tapibel\",\"description\":\"Your carpet, our tradition\",\"potentialAction\":[{\"@type\":\"SearchAction\",\"target\":{\"@type\":\"EntryPoint\",\"urlTemplate\":\"https:\/\/www.tapibel.be\/?s={search_term_string}\"},\"query-input\":{\"@type\":\"PropertyValueSpecification\",\"valueRequired\":true,\"valueName\":\"search_term_string\"}}],\"inLanguage\":\"de\"}]}<\/script>\n<meta property=\"og:availability\" content=\"instock\" \/>\n<meta property=\"product:availability\" content=\"instock\" \/>\n<meta property=\"product:condition\" content=\"new\" \/>\n<!-- \/ Yoast SEO plugin. -->","yoast_head_json":{"title":"Medina - Tapibel","description":"Medina hat einen verspielten Rippeneffekt, dessen Optik einem handgetufteten Teppich gleichkommt. Entdecken Sie mehr \u00fcber diese Kollektion!","robots":{"index":"index","follow":"follow","max-snippet":"max-snippet:-1","max-image-preview":"max-image-preview:large","max-video-preview":"max-video-preview:-1"},"canonical":"https:\/\/www.tapibel.be\/de\/kollektionen\/medina","og_locale":"de_DE","og_type":"article","og_title":"Medina - Tapibel","og_description":"Medina hat einen verspielten Rippeneffekt, dessen Optik einem handgetufteten Teppich gleichkommt. Entdecken Sie mehr \u00fcber diese Kollektion!","og_url":"https:\/\/www.tapibel.be\/de\/kollektionen\/medina","og_site_name":"Tapibel","article_modified_time":"2026-04-15T13:26:37+00:00","og_image":[{"width":500,"height":500,"url":"https:\/\/www.tapibel.be\/wp-content\/uploads\/2023\/04\/Medina.jpg","type":"image\/jpeg"}],"twitter_card":"summary_large_image","twitter_misc":{"Verf\u00fcgbarkeit":"Auf Lager"},"schema":{"@context":"https:\/\/schema.org","@graph":[{"@type":"WebPage","@id":"https:\/\/www.tapibel.be\/de\/kollektionen\/medina","url":"https:\/\/www.tapibel.be\/de\/kollektionen\/medina","name":"Medina - Tapibel","isPartOf":{"@id":"https:\/\/www.tapibel.be\/#website"},"primaryImageOfPage":{"@id":"https:\/\/www.tapibel.be\/de\/kollektionen\/medina#primaryimage"},"image":{"@id":"https:\/\/www.tapibel.be\/de\/kollektionen\/medina#primaryimage"},"thumbnailUrl":"https:\/\/www.tapibel.be\/wp-content\/uploads\/2023\/04\/Medina.jpg","datePublished":"2023-04-27T13:57:09+00:00","dateModified":"2026-04-15T13:26:37+00:00","description":"Medina hat einen verspielten Rippeneffekt, dessen Optik einem handgetufteten Teppich gleichkommt. Entdecken Sie mehr \u00fcber diese Kollektion!","breadcrumb":{"@id":"https:\/\/www.tapibel.be\/de\/kollektionen\/medina#breadcrumb"},"inLanguage":"de","potentialAction":[{"@type":"ReadAction","target":["https:\/\/www.tapibel.be\/de\/kollektionen\/medina"]}]},{"@type":"ImageObject","inLanguage":"de","@id":"https:\/\/www.tapibel.be\/de\/kollektionen\/medina#primaryimage","url":"https:\/\/www.tapibel.be\/wp-content\/uploads\/2023\/04\/Medina.jpg","contentUrl":"https:\/\/www.tapibel.be\/wp-content\/uploads\/2023\/04\/Medina.jpg","width":500,"height":500},{"@type":"BreadcrumbList","@id":"https:\/\/www.tapibel.be\/de\/kollektionen\/medina#breadcrumb","itemListElement":[{"@type":"ListItem","position":1,"name":"Home","item":"https:\/\/www.tapibel.be\/"},{"@type":"ListItem","position":2,"name":"Shop","item":"https:\/\/www.tapibel.be\/de\/shop-2"},{"@type":"ListItem","position":3,"name":"Medina"}]},{"@type":"WebSite","@id":"https:\/\/www.tapibel.be\/#website","url":"https:\/\/www.tapibel.be\/","name":"Tapibel","description":"Your carpet, our tradition","potentialAction":[{"@type":"SearchAction","target":{"@type":"EntryPoint","urlTemplate":"https:\/\/www.tapibel.be\/?s={search_term_string}"},"query-input":{"@type":"PropertyValueSpecification","valueRequired":true,"valueName":"search_term_string"}}],"inLanguage":"de"}]},"og_availability":"instock","product_availability":"instock","product_condition":"new"},"_links":{"self":[{"href":"https:\/\/www.tapibel.be\/de\/wp-json\/wp\/v2\/product\/13580","targetHints":{"allow":["GET"]}}],"collection":[{"href":"https:\/\/www.tapibel.be\/de\/wp-json\/wp\/v2\/product"}],"about":[{"href":"https:\/\/www.tapibel.be\/de\/wp-json\/wp\/v2\/types\/product"}],"replies":[{"embeddable":true,"href":"https:\/\/www.tapibel.be\/de\/wp-json\/wp\/v2\/comments?post=13580"}],"wp:featuredmedia":[{"embeddable":true,"href":"https:\/\/www.tapibel.be\/de\/wp-json\/wp\/v2\/media\/18772"}],"wp:attachment":[{"href":"https:\/\/www.tapibel.be\/de\/wp-json\/wp\/v2\/media?parent=13580"}],"wp:term":[{"taxonomy":"product_brand","embeddable":true,"href":"https:\/\/www.tapibel.be\/de\/wp-json\/wp\/v2\/product_brand?post=13580"},{"taxonomy":"product_cat","embeddable":true,"href":"https:\/\/www.tapibel.be\/de\/wp-json\/wp\/v2\/product_cat?post=13580"},{"taxonomy":"product_tag","embeddable":true,"href":"https:\/\/www.tapibel.be\/de\/wp-json\/wp\/v2\/product_tag?post=13580"}],"curies":[{"name":"wp","href":"https:\/\/api.w.org\/{rel}","templated":true}]}}