{"id":33513,"date":"2026-04-20T12:16:57","date_gmt":"2026-04-20T10:16:57","guid":{"rendered":"https:\/\/www.tapibel.be\/?post_type=product&#038;p=33513"},"modified":"2026-05-08T15:55:17","modified_gmt":"2026-05-08T13:55:17","slug":"gamma-extreme","status":"publish","type":"product","link":"https:\/\/www.tapibel.be\/de\/kollektionen\/gamma-extreme","title":{"rendered":"Gamma Extreme"},"content":{"rendered":"<p>Gamma Extreme ist ein Nadelfilzteppich mit einer flachen Struktur und maximaler Dimensionsstabilit\u00e4t. Als schwerste Qualit\u00e4t der <a href=\"https:\/\/www.tapibel.be\/de?attachment_id=18390\">Gamma<\/a>-Serie weist er ein deutlich h\u00f6heres Gesamtgewicht auf. Gamma Extreme ist schwer entflammbar und f\u00fcr extremste Anforderungen im Eventbereich konzipiert, einschlie\u00dflich starkem Verkehr durch Scherenb\u00fchnen und kleine Gabelstapler. Der Teppich kann unz\u00e4hlige Male wiederverwendet werden, ohne an Leistungsf\u00e4higkeit zu verlieren. Das macht ihn zur optimalen Wahl f\u00fcr professionelle Veranstalter mit h\u00f6chsten Anspr\u00fcchen.<\/p>\n<p>Suchen Sie etwas Leichteres? W\u00e4hlen Sie <a href=\"https:\/\/www.tapibel.be\/de?attachment_id=18390\">Gamma<\/a> oder <a href=\"https:\/\/www.tapibel.be\/de?attachment_id=19236\">Gamma Plus<\/a>.<\/p>\n<p>Diese Kollektion ist als <strong>XL-Teppichfliesen (100\u00d7100 cm) und XXL-Teppichfliesen (100\u00d7200 cm) ab einer Mindestabnahmemenge von 200 m\u00b2 erh\u00e4ltlich.<\/strong><\/p>\n","protected":false},"excerpt":{"rendered":"<p class=\"bodytekst\"><span lang=\"NL-BE\">Structuur: vlak<\/span><\/p>\n<p class=\"bodytekst\"><span lang=\"NL-BE\">Poolgewicht: 900 g\/m\u00b2<\/span><\/p>\n<p class=\"bodytekst\"><span lang=\"NL-BE\">Totaal gewicht: 4.200 g\/m\u00b2<\/span><\/p>\n<p class=\"bodytekst\"><span lang=\"NL-BE\">Brandklasse: BfL-S1<\/span><\/p>\n","protected":false},"featured_media":33454,"comment_status":"closed","ping_status":"closed","template":"","meta":{"_acf_changed":false,"inline_featured_image":false},"product_brand":[],"product_cat":[731],"product_tag":[],"class_list":{"0":"post-33513","1":"product","2":"type-product","3":"status-publish","4":"has-post-thumbnail","6":"product_cat-filtzteppich","8":"first","9":"instock","10":"shipping-taxable","11":"purchasable","12":"product-type-variable"},"acf":[],"yoast_head":"<!-- This site is optimized with the Yoast SEO plugin v26.9 - https:\/\/yoast.com\/product\/yoast-seo-wordpress\/ -->\n<title>Gamma Extreme - Tapibel<\/title>\n<meta name=\"description\" content=\"Gamma Extreme ist ein Nadelfilzteppich mit einer flachen Struktur. Entdecken Sie dieses neueste Mitglied der Gamma-Familie.\" \/>\n<meta name=\"robots\" content=\"index, follow, max-snippet:-1, max-image-preview:large, max-video-preview:-1\" \/>\n<link rel=\"canonical\" href=\"https:\/\/www.tapibel.be\/de\/kollektionen\/gamma-extreme\" \/>\n<meta property=\"og:locale\" content=\"de_DE\" \/>\n<meta property=\"og:type\" content=\"article\" \/>\n<meta property=\"og:title\" content=\"Gamma Extreme - Tapibel\" \/>\n<meta property=\"og:description\" content=\"Gamma Extreme ist ein Nadelfilzteppich mit einer flachen Struktur. Entdecken Sie dieses neueste Mitglied der Gamma-Familie.\" \/>\n<meta property=\"og:url\" content=\"https:\/\/www.tapibel.be\/de\/kollektionen\/gamma-extreme\" \/>\n<meta property=\"og:site_name\" content=\"Tapibel\" \/>\n<meta property=\"article:modified_time\" content=\"2026-05-08T13:55:17+00:00\" \/>\n<meta property=\"og:image\" content=\"https:\/\/www.tapibel.be\/wp-content\/uploads\/2026\/04\/Gamma-extreme-square.jpg\" \/>\n\t<meta property=\"og:image:width\" content=\"1080\" \/>\n\t<meta property=\"og:image:height\" content=\"1080\" \/>\n\t<meta property=\"og:image:type\" content=\"image\/jpeg\" \/>\n<meta name=\"twitter:card\" content=\"summary_large_image\" \/>\n<meta name=\"twitter:label1\" content=\"Verf\u00fcgbarkeit\" \/>\n\t<meta name=\"twitter:data1\" content=\"Auf Lager\" \/>\n<script type=\"application\/ld+json\" class=\"yoast-schema-graph\">{\"@context\":\"https:\/\/schema.org\",\"@graph\":[{\"@type\":\"WebPage\",\"@id\":\"https:\/\/www.tapibel.be\/de\/kollektionen\/gamma-extreme\",\"url\":\"https:\/\/www.tapibel.be\/de\/kollektionen\/gamma-extreme\",\"name\":\"Gamma Extreme - Tapibel\",\"isPartOf\":{\"@id\":\"https:\/\/www.tapibel.be\/#website\"},\"primaryImageOfPage\":{\"@id\":\"https:\/\/www.tapibel.be\/de\/kollektionen\/gamma-extreme#primaryimage\"},\"image\":{\"@id\":\"https:\/\/www.tapibel.be\/de\/kollektionen\/gamma-extreme#primaryimage\"},\"thumbnailUrl\":\"https:\/\/www.tapibel.be\/wp-content\/uploads\/2026\/04\/Gamma-extreme-square.jpg\",\"datePublished\":\"2026-04-20T10:16:57+00:00\",\"dateModified\":\"2026-05-08T13:55:17+00:00\",\"description\":\"Gamma Extreme ist ein Nadelfilzteppich mit einer flachen Struktur. Entdecken Sie dieses neueste Mitglied der Gamma-Familie.\",\"breadcrumb\":{\"@id\":\"https:\/\/www.tapibel.be\/de\/kollektionen\/gamma-extreme#breadcrumb\"},\"inLanguage\":\"de\",\"potentialAction\":[{\"@type\":\"ReadAction\",\"target\":[\"https:\/\/www.tapibel.be\/de\/kollektionen\/gamma-extreme\"]}]},{\"@type\":\"ImageObject\",\"inLanguage\":\"de\",\"@id\":\"https:\/\/www.tapibel.be\/de\/kollektionen\/gamma-extreme#primaryimage\",\"url\":\"https:\/\/www.tapibel.be\/wp-content\/uploads\/2026\/04\/Gamma-extreme-square.jpg\",\"contentUrl\":\"https:\/\/www.tapibel.be\/wp-content\/uploads\/2026\/04\/Gamma-extreme-square.jpg\",\"width\":1080,\"height\":1080,\"caption\":\"Gamma extreme\"},{\"@type\":\"BreadcrumbList\",\"@id\":\"https:\/\/www.tapibel.be\/de\/kollektionen\/gamma-extreme#breadcrumb\",\"itemListElement\":[{\"@type\":\"ListItem\",\"position\":1,\"name\":\"Home\",\"item\":\"https:\/\/www.tapibel.be\/\"},{\"@type\":\"ListItem\",\"position\":2,\"name\":\"Shop\",\"item\":\"https:\/\/www.tapibel.be\/de\/shop-2\"},{\"@type\":\"ListItem\",\"position\":3,\"name\":\"Gamma Extreme\"}]},{\"@type\":\"WebSite\",\"@id\":\"https:\/\/www.tapibel.be\/#website\",\"url\":\"https:\/\/www.tapibel.be\/\",\"name\":\"Tapibel\",\"description\":\"Your carpet, our tradition\",\"potentialAction\":[{\"@type\":\"SearchAction\",\"target\":{\"@type\":\"EntryPoint\",\"urlTemplate\":\"https:\/\/www.tapibel.be\/?s={search_term_string}\"},\"query-input\":{\"@type\":\"PropertyValueSpecification\",\"valueRequired\":true,\"valueName\":\"search_term_string\"}}],\"inLanguage\":\"de\"}]}<\/script>\n<meta property=\"og:availability\" content=\"instock\" \/>\n<meta property=\"product:availability\" content=\"instock\" \/>\n<meta property=\"product:condition\" content=\"new\" \/>\n<!-- \/ Yoast SEO plugin. -->","yoast_head_json":{"title":"Gamma Extreme - Tapibel","description":"Gamma Extreme ist ein Nadelfilzteppich mit einer flachen Struktur. Entdecken Sie dieses neueste Mitglied der Gamma-Familie.","robots":{"index":"index","follow":"follow","max-snippet":"max-snippet:-1","max-image-preview":"max-image-preview:large","max-video-preview":"max-video-preview:-1"},"canonical":"https:\/\/www.tapibel.be\/de\/kollektionen\/gamma-extreme","og_locale":"de_DE","og_type":"article","og_title":"Gamma Extreme - Tapibel","og_description":"Gamma Extreme ist ein Nadelfilzteppich mit einer flachen Struktur. Entdecken Sie dieses neueste Mitglied der Gamma-Familie.","og_url":"https:\/\/www.tapibel.be\/de\/kollektionen\/gamma-extreme","og_site_name":"Tapibel","article_modified_time":"2026-05-08T13:55:17+00:00","og_image":[{"width":1080,"height":1080,"url":"https:\/\/www.tapibel.be\/wp-content\/uploads\/2026\/04\/Gamma-extreme-square.jpg","type":"image\/jpeg"}],"twitter_card":"summary_large_image","twitter_misc":{"Verf\u00fcgbarkeit":"Auf Lager"},"schema":{"@context":"https:\/\/schema.org","@graph":[{"@type":"WebPage","@id":"https:\/\/www.tapibel.be\/de\/kollektionen\/gamma-extreme","url":"https:\/\/www.tapibel.be\/de\/kollektionen\/gamma-extreme","name":"Gamma Extreme - Tapibel","isPartOf":{"@id":"https:\/\/www.tapibel.be\/#website"},"primaryImageOfPage":{"@id":"https:\/\/www.tapibel.be\/de\/kollektionen\/gamma-extreme#primaryimage"},"image":{"@id":"https:\/\/www.tapibel.be\/de\/kollektionen\/gamma-extreme#primaryimage"},"thumbnailUrl":"https:\/\/www.tapibel.be\/wp-content\/uploads\/2026\/04\/Gamma-extreme-square.jpg","datePublished":"2026-04-20T10:16:57+00:00","dateModified":"2026-05-08T13:55:17+00:00","description":"Gamma Extreme ist ein Nadelfilzteppich mit einer flachen Struktur. Entdecken Sie dieses neueste Mitglied der Gamma-Familie.","breadcrumb":{"@id":"https:\/\/www.tapibel.be\/de\/kollektionen\/gamma-extreme#breadcrumb"},"inLanguage":"de","potentialAction":[{"@type":"ReadAction","target":["https:\/\/www.tapibel.be\/de\/kollektionen\/gamma-extreme"]}]},{"@type":"ImageObject","inLanguage":"de","@id":"https:\/\/www.tapibel.be\/de\/kollektionen\/gamma-extreme#primaryimage","url":"https:\/\/www.tapibel.be\/wp-content\/uploads\/2026\/04\/Gamma-extreme-square.jpg","contentUrl":"https:\/\/www.tapibel.be\/wp-content\/uploads\/2026\/04\/Gamma-extreme-square.jpg","width":1080,"height":1080,"caption":"Gamma extreme"},{"@type":"BreadcrumbList","@id":"https:\/\/www.tapibel.be\/de\/kollektionen\/gamma-extreme#breadcrumb","itemListElement":[{"@type":"ListItem","position":1,"name":"Home","item":"https:\/\/www.tapibel.be\/"},{"@type":"ListItem","position":2,"name":"Shop","item":"https:\/\/www.tapibel.be\/de\/shop-2"},{"@type":"ListItem","position":3,"name":"Gamma Extreme"}]},{"@type":"WebSite","@id":"https:\/\/www.tapibel.be\/#website","url":"https:\/\/www.tapibel.be\/","name":"Tapibel","description":"Your carpet, our tradition","potentialAction":[{"@type":"SearchAction","target":{"@type":"EntryPoint","urlTemplate":"https:\/\/www.tapibel.be\/?s={search_term_string}"},"query-input":{"@type":"PropertyValueSpecification","valueRequired":true,"valueName":"search_term_string"}}],"inLanguage":"de"}]},"og_availability":"instock","product_availability":"instock","product_condition":"new"},"_links":{"self":[{"href":"https:\/\/www.tapibel.be\/de\/wp-json\/wp\/v2\/product\/33513","targetHints":{"allow":["GET"]}}],"collection":[{"href":"https:\/\/www.tapibel.be\/de\/wp-json\/wp\/v2\/product"}],"about":[{"href":"https:\/\/www.tapibel.be\/de\/wp-json\/wp\/v2\/types\/product"}],"replies":[{"embeddable":true,"href":"https:\/\/www.tapibel.be\/de\/wp-json\/wp\/v2\/comments?post=33513"}],"wp:featuredmedia":[{"embeddable":true,"href":"https:\/\/www.tapibel.be\/de\/wp-json\/wp\/v2\/media\/33454"}],"wp:attachment":[{"href":"https:\/\/www.tapibel.be\/de\/wp-json\/wp\/v2\/media?parent=33513"}],"wp:term":[{"taxonomy":"product_brand","embeddable":true,"href":"https:\/\/www.tapibel.be\/de\/wp-json\/wp\/v2\/product_brand?post=33513"},{"taxonomy":"product_cat","embeddable":true,"href":"https:\/\/www.tapibel.be\/de\/wp-json\/wp\/v2\/product_cat?post=33513"},{"taxonomy":"product_tag","embeddable":true,"href":"https:\/\/www.tapibel.be\/de\/wp-json\/wp\/v2\/product_tag?post=33513"}],"curies":[{"name":"wp","href":"https:\/\/api.w.org\/{rel}","templated":true}]}}