{"id":6793,"date":"2022-05-06T13:53:21","date_gmt":"2022-05-06T11:53:21","guid":{"rendered":"https:\/\/www.tapibel.be\/collecties\/grunge\/"},"modified":"2025-10-22T14:05:41","modified_gmt":"2025-10-22T12:05:41","slug":"grunge","status":"publish","type":"product","link":"https:\/\/www.tapibel.be\/de\/kollektionen\/grunge","title":{"rendered":"Grunge"},"content":{"rendered":"<p>Grunge ist ein mutiges, industrielles und hartes Design. Das Betonmuster verleiht jeder Einrichtung ein einzigartiges Aussehen. Kombinieren Sie Grunge mit den Unifarben von <a href=\"https:\/\/www.tapibel.be\/de\/kollektionen\/cobalt-sdn\/\">Cobalt SDN<\/a>, um ein unverwechselbares Bodenbelagskonzept zu entwerfen. Die Kollektion ist in 15 verschiedenen Farben erh\u00e4ltlich, die einen Kontrast zum industriellen Look des Teppichs bilden.<\/p>\n<p>Grunge <!--StartFragment --><span class=\"cf0\">besteht aus hochwertigen, langlebigen Materialien, die das Wohlbefinden des Nutzers durch guten Gehkomfort und leise Akustik f\u00f6rdern.<\/span><\/p>\n<p><!--EndFragment --><\/p>\n<h3>Verf\u00fcgbare Formate<\/h3>\n<p>Diese Kollektion ist als <strong>Teppichfliese<\/strong> in 50&#215;50 cm und als <strong>Teppichboden<\/strong> erh\u00e4ltlich.<br \/>\nAndere Formate 25&#215;100 cm, 50&#215;100 cm und 100&#215;100 cm sind ab 100 m\u00b2 m\u00f6glich.<\/p>\n<p><img loading=\"lazy\" decoding=\"async\" class=\"alignnone size-medium wp-image-11849\" style=\"vertical-align: top;\" src=\"https:\/\/www.tapibel.be\/wp-content\/uploads\/2022\/10\/Iconen_Formaat-tegel-2-300x195.png\" alt=\"\" width=\"300\" height=\"195\" \/><img loading=\"lazy\" decoding=\"async\" class=\"alignnone wp-image-5445\" style=\"vertical-align: top;\" src=\"https:\/\/www.tapibel.be\/wp-content\/uploads\/2022\/05\/Iconen_Plank-3-300x85.png\" alt=\"plank\" width=\"300\" height=\"60\" \/><\/p>\n<p>Ab 200 m\u00b2 ist Soundbloc f\u00fcr zus\u00e4tzliche Schalld\u00e4mmung m\u00f6glich.<br \/>\nF\u00fcr Projekte, die gr\u00f6\u00dfer als 400 m\u00b2 sind, k\u00f6nnen Sie unser Cobalt Color Concept verwenden. Wir fertigen Ihren Boden nach Ma\u00df.<\/p>\n","protected":false},"excerpt":{"rendered":"<p><strong>Stil:<\/strong> Strukturierter Schlingenflor<\/p>\n<p><strong>Garntyp:<\/strong> Nylon (Polyamid)<\/p>\n<p><strong>Polh\u00f6he:<\/strong> 4,0 mm<\/p>\n<p><strong>Klassifikation:<\/strong><\/p>\n<ul>\n<li>Teppichboden: klasse 32 (commercial Nutzung)<\/li>\n<li>Teppichfliesen: klasse 33 (intensive Nutzung)<\/li>\n<\/ul>\n<p><strong>Polensatzgewicht:<\/strong> 650 g\/m\u00b2<\/p>\n<p><strong>Brennverhalten:<\/strong> BfL-S1<\/p>\n","protected":false},"featured_media":18709,"comment_status":"closed","ping_status":"closed","template":"","meta":{"_acf_changed":false,"inline_featured_image":false},"product_brand":[],"product_cat":[726,725],"product_tag":[1102,1138,1156],"class_list":{"0":"post-6793","1":"product","2":"type-product","3":"status-publish","4":"has-post-thumbnail","6":"product_cat-teppichfliese-de","7":"product_cat-teppichboden-de","8":"product_tag-betonoptik","9":"product_tag-industriell","10":"product_tag-modern-de","12":"first","13":"instock","14":"shipping-taxable","15":"purchasable","16":"product-type-variable"},"acf":[],"yoast_head":"<!-- This site is optimized with the Yoast SEO plugin v26.9 - https:\/\/yoast.com\/product\/yoast-seo-wordpress\/ -->\n<title>Grunge - Tapibel<\/title>\n<meta name=\"description\" content=\"Grunge ist industriell und modern. Die Kollektion ist als Teppichboden und Teppichfliesen erh\u00e4ltlich. Erfahren Sie alles \u00fcber Grunge!\" \/>\n<meta name=\"robots\" content=\"index, follow, max-snippet:-1, max-image-preview:large, max-video-preview:-1\" \/>\n<link rel=\"canonical\" href=\"https:\/\/www.tapibel.be\/de\/kollektionen\/grunge\" \/>\n<meta property=\"og:locale\" content=\"de_DE\" \/>\n<meta property=\"og:type\" content=\"article\" \/>\n<meta property=\"og:title\" content=\"Grunge - Tapibel\" \/>\n<meta property=\"og:description\" content=\"Grunge ist industriell und modern. Die Kollektion ist als Teppichboden und Teppichfliesen erh\u00e4ltlich. Erfahren Sie alles \u00fcber Grunge!\" \/>\n<meta property=\"og:url\" content=\"https:\/\/www.tapibel.be\/de\/kollektionen\/grunge\" \/>\n<meta property=\"og:site_name\" content=\"Tapibel\" \/>\n<meta property=\"article:modified_time\" content=\"2025-10-22T12:05:41+00:00\" \/>\n<meta property=\"og:image\" content=\"https:\/\/www.tapibel.be\/wp-content\/uploads\/2022\/05\/Grunge-1.jpg\" \/>\n\t<meta property=\"og:image:width\" content=\"500\" \/>\n\t<meta property=\"og:image:height\" content=\"500\" \/>\n\t<meta property=\"og:image:type\" content=\"image\/jpeg\" \/>\n<meta name=\"twitter:card\" content=\"summary_large_image\" \/>\n<meta name=\"twitter:label1\" content=\"Verf\u00fcgbarkeit\" \/>\n\t<meta name=\"twitter:data1\" content=\"Auf Lager\" \/>\n<script type=\"application\/ld+json\" class=\"yoast-schema-graph\">{\"@context\":\"https:\/\/schema.org\",\"@graph\":[{\"@type\":\"WebPage\",\"@id\":\"https:\/\/www.tapibel.be\/de\/kollektionen\/grunge\",\"url\":\"https:\/\/www.tapibel.be\/de\/kollektionen\/grunge\",\"name\":\"Grunge - Tapibel\",\"isPartOf\":{\"@id\":\"https:\/\/www.tapibel.be\/#website\"},\"primaryImageOfPage\":{\"@id\":\"https:\/\/www.tapibel.be\/de\/kollektionen\/grunge#primaryimage\"},\"image\":{\"@id\":\"https:\/\/www.tapibel.be\/de\/kollektionen\/grunge#primaryimage\"},\"thumbnailUrl\":\"https:\/\/www.tapibel.be\/wp-content\/uploads\/2022\/05\/Grunge-1.jpg\",\"datePublished\":\"2022-05-06T11:53:21+00:00\",\"dateModified\":\"2025-10-22T12:05:41+00:00\",\"description\":\"Grunge ist industriell und modern. Die Kollektion ist als Teppichboden und Teppichfliesen erh\u00e4ltlich. Erfahren Sie alles \u00fcber Grunge!\",\"breadcrumb\":{\"@id\":\"https:\/\/www.tapibel.be\/de\/kollektionen\/grunge#breadcrumb\"},\"inLanguage\":\"de\",\"potentialAction\":[{\"@type\":\"ReadAction\",\"target\":[\"https:\/\/www.tapibel.be\/de\/kollektionen\/grunge\"]}]},{\"@type\":\"ImageObject\",\"inLanguage\":\"de\",\"@id\":\"https:\/\/www.tapibel.be\/de\/kollektionen\/grunge#primaryimage\",\"url\":\"https:\/\/www.tapibel.be\/wp-content\/uploads\/2022\/05\/Grunge-1.jpg\",\"contentUrl\":\"https:\/\/www.tapibel.be\/wp-content\/uploads\/2022\/05\/Grunge-1.jpg\",\"width\":500,\"height\":500},{\"@type\":\"BreadcrumbList\",\"@id\":\"https:\/\/www.tapibel.be\/de\/kollektionen\/grunge#breadcrumb\",\"itemListElement\":[{\"@type\":\"ListItem\",\"position\":1,\"name\":\"Home\",\"item\":\"https:\/\/www.tapibel.be\/\"},{\"@type\":\"ListItem\",\"position\":2,\"name\":\"Shop\",\"item\":\"https:\/\/www.tapibel.be\/de\/shop-2\"},{\"@type\":\"ListItem\",\"position\":3,\"name\":\"Grunge\"}]},{\"@type\":\"WebSite\",\"@id\":\"https:\/\/www.tapibel.be\/#website\",\"url\":\"https:\/\/www.tapibel.be\/\",\"name\":\"Tapibel\",\"description\":\"Your carpet, our tradition\",\"potentialAction\":[{\"@type\":\"SearchAction\",\"target\":{\"@type\":\"EntryPoint\",\"urlTemplate\":\"https:\/\/www.tapibel.be\/?s={search_term_string}\"},\"query-input\":{\"@type\":\"PropertyValueSpecification\",\"valueRequired\":true,\"valueName\":\"search_term_string\"}}],\"inLanguage\":\"de\"}]}<\/script>\n<meta property=\"og:availability\" content=\"instock\" \/>\n<meta property=\"product:availability\" content=\"instock\" \/>\n<meta property=\"product:condition\" content=\"new\" \/>\n<!-- \/ Yoast SEO plugin. -->","yoast_head_json":{"title":"Grunge - Tapibel","description":"Grunge ist industriell und modern. Die Kollektion ist als Teppichboden und Teppichfliesen erh\u00e4ltlich. Erfahren Sie alles \u00fcber Grunge!","robots":{"index":"index","follow":"follow","max-snippet":"max-snippet:-1","max-image-preview":"max-image-preview:large","max-video-preview":"max-video-preview:-1"},"canonical":"https:\/\/www.tapibel.be\/de\/kollektionen\/grunge","og_locale":"de_DE","og_type":"article","og_title":"Grunge - Tapibel","og_description":"Grunge ist industriell und modern. Die Kollektion ist als Teppichboden und Teppichfliesen erh\u00e4ltlich. Erfahren Sie alles \u00fcber Grunge!","og_url":"https:\/\/www.tapibel.be\/de\/kollektionen\/grunge","og_site_name":"Tapibel","article_modified_time":"2025-10-22T12:05:41+00:00","og_image":[{"width":500,"height":500,"url":"https:\/\/www.tapibel.be\/wp-content\/uploads\/2022\/05\/Grunge-1.jpg","type":"image\/jpeg"}],"twitter_card":"summary_large_image","twitter_misc":{"Verf\u00fcgbarkeit":"Auf Lager"},"schema":{"@context":"https:\/\/schema.org","@graph":[{"@type":"WebPage","@id":"https:\/\/www.tapibel.be\/de\/kollektionen\/grunge","url":"https:\/\/www.tapibel.be\/de\/kollektionen\/grunge","name":"Grunge - Tapibel","isPartOf":{"@id":"https:\/\/www.tapibel.be\/#website"},"primaryImageOfPage":{"@id":"https:\/\/www.tapibel.be\/de\/kollektionen\/grunge#primaryimage"},"image":{"@id":"https:\/\/www.tapibel.be\/de\/kollektionen\/grunge#primaryimage"},"thumbnailUrl":"https:\/\/www.tapibel.be\/wp-content\/uploads\/2022\/05\/Grunge-1.jpg","datePublished":"2022-05-06T11:53:21+00:00","dateModified":"2025-10-22T12:05:41+00:00","description":"Grunge ist industriell und modern. Die Kollektion ist als Teppichboden und Teppichfliesen erh\u00e4ltlich. Erfahren Sie alles \u00fcber Grunge!","breadcrumb":{"@id":"https:\/\/www.tapibel.be\/de\/kollektionen\/grunge#breadcrumb"},"inLanguage":"de","potentialAction":[{"@type":"ReadAction","target":["https:\/\/www.tapibel.be\/de\/kollektionen\/grunge"]}]},{"@type":"ImageObject","inLanguage":"de","@id":"https:\/\/www.tapibel.be\/de\/kollektionen\/grunge#primaryimage","url":"https:\/\/www.tapibel.be\/wp-content\/uploads\/2022\/05\/Grunge-1.jpg","contentUrl":"https:\/\/www.tapibel.be\/wp-content\/uploads\/2022\/05\/Grunge-1.jpg","width":500,"height":500},{"@type":"BreadcrumbList","@id":"https:\/\/www.tapibel.be\/de\/kollektionen\/grunge#breadcrumb","itemListElement":[{"@type":"ListItem","position":1,"name":"Home","item":"https:\/\/www.tapibel.be\/"},{"@type":"ListItem","position":2,"name":"Shop","item":"https:\/\/www.tapibel.be\/de\/shop-2"},{"@type":"ListItem","position":3,"name":"Grunge"}]},{"@type":"WebSite","@id":"https:\/\/www.tapibel.be\/#website","url":"https:\/\/www.tapibel.be\/","name":"Tapibel","description":"Your carpet, our tradition","potentialAction":[{"@type":"SearchAction","target":{"@type":"EntryPoint","urlTemplate":"https:\/\/www.tapibel.be\/?s={search_term_string}"},"query-input":{"@type":"PropertyValueSpecification","valueRequired":true,"valueName":"search_term_string"}}],"inLanguage":"de"}]},"og_availability":"instock","product_availability":"instock","product_condition":"new"},"_links":{"self":[{"href":"https:\/\/www.tapibel.be\/de\/wp-json\/wp\/v2\/product\/6793","targetHints":{"allow":["GET"]}}],"collection":[{"href":"https:\/\/www.tapibel.be\/de\/wp-json\/wp\/v2\/product"}],"about":[{"href":"https:\/\/www.tapibel.be\/de\/wp-json\/wp\/v2\/types\/product"}],"replies":[{"embeddable":true,"href":"https:\/\/www.tapibel.be\/de\/wp-json\/wp\/v2\/comments?post=6793"}],"wp:featuredmedia":[{"embeddable":true,"href":"https:\/\/www.tapibel.be\/de\/wp-json\/wp\/v2\/media\/18709"}],"wp:attachment":[{"href":"https:\/\/www.tapibel.be\/de\/wp-json\/wp\/v2\/media?parent=6793"}],"wp:term":[{"taxonomy":"product_brand","embeddable":true,"href":"https:\/\/www.tapibel.be\/de\/wp-json\/wp\/v2\/product_brand?post=6793"},{"taxonomy":"product_cat","embeddable":true,"href":"https:\/\/www.tapibel.be\/de\/wp-json\/wp\/v2\/product_cat?post=6793"},{"taxonomy":"product_tag","embeddable":true,"href":"https:\/\/www.tapibel.be\/de\/wp-json\/wp\/v2\/product_tag?post=6793"}],"curies":[{"name":"wp","href":"https:\/\/api.w.org\/{rel}","templated":true}]}}