{"id":6850,"date":"2022-05-06T13:47:10","date_gmt":"2022-05-06T11:47:10","guid":{"rendered":"https:\/\/www.tapibel.be\/collecties\/hexagon-art\/"},"modified":"2025-10-22T14:07:05","modified_gmt":"2025-10-22T12:07:05","slug":"hexagon-art","status":"publish","type":"product","link":"https:\/\/www.tapibel.be\/de\/kollektionen\/hexagon-art","title":{"rendered":"Hexagon Art"},"content":{"rendered":"<p>Hexagon Art hat ein originelles Design, das Ihren Blick auf den Boden lenkt. Das stilvolle Wabenmuster passt perfekt in Gastst\u00e4tten- und B\u00fcroumgebungen. Hexagon Art ist in 16 verschiedenen Farben erh\u00e4ltlich, die von organischen bis hin zu leuchtenden T\u00f6nen reichen.<\/p>\n<p>Darf es ein bisschen mehr sein? Kombinieren Sie den kr\u00e4ftigen Druck mit den passenden Unifarben aus der Cobalt SDN-Kollektion. Auf diese Weise schaffen Sie ein einzigartiges Bodenbelagskonzept.<\/p>\n<p>Hexagon Art besteht aus hochwertigen, langlebigen Materialien, die das Wohlbefinden des Nutzers durch guten Gehkomfort und leise Akustik f\u00f6rdern.<\/p>\n<p><!--EndFragment --><\/p>\n<h3>Verf\u00fcgbare Formate<\/h3>\n<p>Diese Kollektion ist erh\u00e4ltlich als<strong> Teppichfliesen in 50&#215;50 cm sowie\u00a0 Teppichboden.<\/strong><br \/>\n25 x 100 cm ist ab 100 m\u00b2 erh\u00e4ltlich. Andere Gr\u00f6\u00dfen 100 x 100 cm und 100 x 200 cm sind ab 200 m\u00b2 erh\u00e4ltlich.<\/p>\n<p><img loading=\"lazy\" decoding=\"async\" class=\"alignnone size-medium wp-image-11849\" style=\"vertical-align: top;\" src=\"https:\/\/www.tapibel.be\/wp-content\/uploads\/2022\/10\/Iconen_Formaat-tegel-2-300x195.png\" alt=\"\" width=\"300\" height=\"195\" \/><img loading=\"lazy\" decoding=\"async\" class=\"alignnone wp-image-5445\" style=\"vertical-align: top;\" src=\"https:\/\/www.tapibel.be\/wp-content\/uploads\/2022\/05\/Iconen_Plank-3-300x85.png\" alt=\"plank\" width=\"300\" height=\"60\" \/><\/p>\n<p>F\u00fcr Projekte, die gr\u00f6\u00dfer als 400 m\u00b2 sind, k\u00f6nnen Sie unser <strong>Cobalt Colour Concept<\/strong> verwenden. Wir fertigen Ihren Bodenbelag nach Ma\u00df.<br \/>\nAb 200 m\u00b2 ist Soundbloc f\u00fcr zus\u00e4tzlichen Schallschutz m\u00f6glich.<\/p>\n","protected":false},"excerpt":{"rendered":"<p><strong>Stil:<\/strong> Strukturierter Schlingenflor<\/p>\n<p><strong>Garntyp:<\/strong> Nylon (Polyamid)<\/p>\n<p><strong>Polh\u00f6he:<\/strong> 4,0 mm<\/p>\n<p><strong>Klassifikation:<\/strong><\/p>\n<ul>\n<li>Teppichboden: klasse 32 (commercial Nutzung)<\/li>\n<li>Teppichfliesen: klasse 33 (intensive Nutzung)<\/li>\n<\/ul>\n<p><strong>Poleinsatzgewicht:<\/strong> 650 g\/m\u00b2<\/p>\n<p><strong>Brennverhalten:<\/strong> BfL-S1<\/p>\n","protected":false},"featured_media":18719,"comment_status":"closed","ping_status":"closed","template":"","meta":{"_acf_changed":false,"inline_featured_image":false},"product_brand":[],"product_cat":[726,725],"product_tag":[1154,1232,1134],"class_list":{"0":"post-6850","1":"product","2":"type-product","3":"status-publish","4":"has-post-thumbnail","6":"product_cat-teppichfliese-de","7":"product_cat-teppichboden-de","8":"product_tag-mix-und-match","9":"product_tag-vielseitig","10":"product_tag-wabenform","12":"first","13":"instock","14":"shipping-taxable","15":"purchasable","16":"product-type-variable"},"acf":[],"yoast_head":"<!-- This site is optimized with the Yoast SEO plugin v26.9 - https:\/\/yoast.com\/product\/yoast-seo-wordpress\/ -->\n<title>Hexagon Art - Tapibel<\/title>\n<meta name=\"description\" content=\"Hexagon Art, Wabenmuster mit gewissem Extra. Erh\u00e4ltlich als Teppichboden und Teppichfliesen. Erfahren Sie alles \u00fcber Hexagon Art!\" \/>\n<meta name=\"robots\" content=\"index, follow, max-snippet:-1, max-image-preview:large, max-video-preview:-1\" \/>\n<link rel=\"canonical\" href=\"https:\/\/www.tapibel.be\/de\/kollektionen\/hexagon-art\" \/>\n<meta property=\"og:locale\" content=\"de_DE\" \/>\n<meta property=\"og:type\" content=\"article\" \/>\n<meta property=\"og:title\" content=\"Hexagon Art - Tapibel\" \/>\n<meta property=\"og:description\" content=\"Hexagon Art, Wabenmuster mit gewissem Extra. Erh\u00e4ltlich als Teppichboden und Teppichfliesen. Erfahren Sie alles \u00fcber Hexagon Art!\" \/>\n<meta property=\"og:url\" content=\"https:\/\/www.tapibel.be\/de\/kollektionen\/hexagon-art\" \/>\n<meta property=\"og:site_name\" content=\"Tapibel\" \/>\n<meta property=\"article:modified_time\" content=\"2025-10-22T12:07:05+00:00\" \/>\n<meta property=\"og:image\" content=\"https:\/\/www.tapibel.be\/wp-content\/uploads\/2022\/05\/HexagonArt-1.jpg\" \/>\n\t<meta property=\"og:image:width\" content=\"500\" \/>\n\t<meta property=\"og:image:height\" content=\"500\" \/>\n\t<meta property=\"og:image:type\" content=\"image\/jpeg\" \/>\n<meta name=\"twitter:card\" content=\"summary_large_image\" \/>\n<meta name=\"twitter:label1\" content=\"Verf\u00fcgbarkeit\" \/>\n\t<meta name=\"twitter:data1\" content=\"Auf Lager\" \/>\n<script type=\"application\/ld+json\" class=\"yoast-schema-graph\">{\"@context\":\"https:\/\/schema.org\",\"@graph\":[{\"@type\":\"WebPage\",\"@id\":\"https:\/\/www.tapibel.be\/de\/kollektionen\/hexagon-art\",\"url\":\"https:\/\/www.tapibel.be\/de\/kollektionen\/hexagon-art\",\"name\":\"Hexagon Art - Tapibel\",\"isPartOf\":{\"@id\":\"https:\/\/www.tapibel.be\/#website\"},\"primaryImageOfPage\":{\"@id\":\"https:\/\/www.tapibel.be\/de\/kollektionen\/hexagon-art#primaryimage\"},\"image\":{\"@id\":\"https:\/\/www.tapibel.be\/de\/kollektionen\/hexagon-art#primaryimage\"},\"thumbnailUrl\":\"https:\/\/www.tapibel.be\/wp-content\/uploads\/2022\/05\/HexagonArt-1.jpg\",\"datePublished\":\"2022-05-06T11:47:10+00:00\",\"dateModified\":\"2025-10-22T12:07:05+00:00\",\"description\":\"Hexagon Art, Wabenmuster mit gewissem Extra. Erh\u00e4ltlich als Teppichboden und Teppichfliesen. Erfahren Sie alles \u00fcber Hexagon Art!\",\"breadcrumb\":{\"@id\":\"https:\/\/www.tapibel.be\/de\/kollektionen\/hexagon-art#breadcrumb\"},\"inLanguage\":\"de\",\"potentialAction\":[{\"@type\":\"ReadAction\",\"target\":[\"https:\/\/www.tapibel.be\/de\/kollektionen\/hexagon-art\"]}]},{\"@type\":\"ImageObject\",\"inLanguage\":\"de\",\"@id\":\"https:\/\/www.tapibel.be\/de\/kollektionen\/hexagon-art#primaryimage\",\"url\":\"https:\/\/www.tapibel.be\/wp-content\/uploads\/2022\/05\/HexagonArt-1.jpg\",\"contentUrl\":\"https:\/\/www.tapibel.be\/wp-content\/uploads\/2022\/05\/HexagonArt-1.jpg\",\"width\":500,\"height\":500},{\"@type\":\"BreadcrumbList\",\"@id\":\"https:\/\/www.tapibel.be\/de\/kollektionen\/hexagon-art#breadcrumb\",\"itemListElement\":[{\"@type\":\"ListItem\",\"position\":1,\"name\":\"Home\",\"item\":\"https:\/\/www.tapibel.be\/\"},{\"@type\":\"ListItem\",\"position\":2,\"name\":\"Shop\",\"item\":\"https:\/\/www.tapibel.be\/de\/shop-2\"},{\"@type\":\"ListItem\",\"position\":3,\"name\":\"Hexagon Art\"}]},{\"@type\":\"WebSite\",\"@id\":\"https:\/\/www.tapibel.be\/#website\",\"url\":\"https:\/\/www.tapibel.be\/\",\"name\":\"Tapibel\",\"description\":\"Your carpet, our tradition\",\"potentialAction\":[{\"@type\":\"SearchAction\",\"target\":{\"@type\":\"EntryPoint\",\"urlTemplate\":\"https:\/\/www.tapibel.be\/?s={search_term_string}\"},\"query-input\":{\"@type\":\"PropertyValueSpecification\",\"valueRequired\":true,\"valueName\":\"search_term_string\"}}],\"inLanguage\":\"de\"}]}<\/script>\n<meta property=\"og:availability\" content=\"instock\" \/>\n<meta property=\"product:availability\" content=\"instock\" \/>\n<meta property=\"product:condition\" content=\"new\" \/>\n<!-- \/ Yoast SEO plugin. -->","yoast_head_json":{"title":"Hexagon Art - Tapibel","description":"Hexagon Art, Wabenmuster mit gewissem Extra. Erh\u00e4ltlich als Teppichboden und Teppichfliesen. Erfahren Sie alles \u00fcber Hexagon Art!","robots":{"index":"index","follow":"follow","max-snippet":"max-snippet:-1","max-image-preview":"max-image-preview:large","max-video-preview":"max-video-preview:-1"},"canonical":"https:\/\/www.tapibel.be\/de\/kollektionen\/hexagon-art","og_locale":"de_DE","og_type":"article","og_title":"Hexagon Art - Tapibel","og_description":"Hexagon Art, Wabenmuster mit gewissem Extra. Erh\u00e4ltlich als Teppichboden und Teppichfliesen. Erfahren Sie alles \u00fcber Hexagon Art!","og_url":"https:\/\/www.tapibel.be\/de\/kollektionen\/hexagon-art","og_site_name":"Tapibel","article_modified_time":"2025-10-22T12:07:05+00:00","og_image":[{"width":500,"height":500,"url":"https:\/\/www.tapibel.be\/wp-content\/uploads\/2022\/05\/HexagonArt-1.jpg","type":"image\/jpeg"}],"twitter_card":"summary_large_image","twitter_misc":{"Verf\u00fcgbarkeit":"Auf Lager"},"schema":{"@context":"https:\/\/schema.org","@graph":[{"@type":"WebPage","@id":"https:\/\/www.tapibel.be\/de\/kollektionen\/hexagon-art","url":"https:\/\/www.tapibel.be\/de\/kollektionen\/hexagon-art","name":"Hexagon Art - Tapibel","isPartOf":{"@id":"https:\/\/www.tapibel.be\/#website"},"primaryImageOfPage":{"@id":"https:\/\/www.tapibel.be\/de\/kollektionen\/hexagon-art#primaryimage"},"image":{"@id":"https:\/\/www.tapibel.be\/de\/kollektionen\/hexagon-art#primaryimage"},"thumbnailUrl":"https:\/\/www.tapibel.be\/wp-content\/uploads\/2022\/05\/HexagonArt-1.jpg","datePublished":"2022-05-06T11:47:10+00:00","dateModified":"2025-10-22T12:07:05+00:00","description":"Hexagon Art, Wabenmuster mit gewissem Extra. Erh\u00e4ltlich als Teppichboden und Teppichfliesen. Erfahren Sie alles \u00fcber Hexagon Art!","breadcrumb":{"@id":"https:\/\/www.tapibel.be\/de\/kollektionen\/hexagon-art#breadcrumb"},"inLanguage":"de","potentialAction":[{"@type":"ReadAction","target":["https:\/\/www.tapibel.be\/de\/kollektionen\/hexagon-art"]}]},{"@type":"ImageObject","inLanguage":"de","@id":"https:\/\/www.tapibel.be\/de\/kollektionen\/hexagon-art#primaryimage","url":"https:\/\/www.tapibel.be\/wp-content\/uploads\/2022\/05\/HexagonArt-1.jpg","contentUrl":"https:\/\/www.tapibel.be\/wp-content\/uploads\/2022\/05\/HexagonArt-1.jpg","width":500,"height":500},{"@type":"BreadcrumbList","@id":"https:\/\/www.tapibel.be\/de\/kollektionen\/hexagon-art#breadcrumb","itemListElement":[{"@type":"ListItem","position":1,"name":"Home","item":"https:\/\/www.tapibel.be\/"},{"@type":"ListItem","position":2,"name":"Shop","item":"https:\/\/www.tapibel.be\/de\/shop-2"},{"@type":"ListItem","position":3,"name":"Hexagon Art"}]},{"@type":"WebSite","@id":"https:\/\/www.tapibel.be\/#website","url":"https:\/\/www.tapibel.be\/","name":"Tapibel","description":"Your carpet, our tradition","potentialAction":[{"@type":"SearchAction","target":{"@type":"EntryPoint","urlTemplate":"https:\/\/www.tapibel.be\/?s={search_term_string}"},"query-input":{"@type":"PropertyValueSpecification","valueRequired":true,"valueName":"search_term_string"}}],"inLanguage":"de"}]},"og_availability":"instock","product_availability":"instock","product_condition":"new"},"_links":{"self":[{"href":"https:\/\/www.tapibel.be\/de\/wp-json\/wp\/v2\/product\/6850","targetHints":{"allow":["GET"]}}],"collection":[{"href":"https:\/\/www.tapibel.be\/de\/wp-json\/wp\/v2\/product"}],"about":[{"href":"https:\/\/www.tapibel.be\/de\/wp-json\/wp\/v2\/types\/product"}],"replies":[{"embeddable":true,"href":"https:\/\/www.tapibel.be\/de\/wp-json\/wp\/v2\/comments?post=6850"}],"wp:featuredmedia":[{"embeddable":true,"href":"https:\/\/www.tapibel.be\/de\/wp-json\/wp\/v2\/media\/18719"}],"wp:attachment":[{"href":"https:\/\/www.tapibel.be\/de\/wp-json\/wp\/v2\/media?parent=6850"}],"wp:term":[{"taxonomy":"product_brand","embeddable":true,"href":"https:\/\/www.tapibel.be\/de\/wp-json\/wp\/v2\/product_brand?post=6850"},{"taxonomy":"product_cat","embeddable":true,"href":"https:\/\/www.tapibel.be\/de\/wp-json\/wp\/v2\/product_cat?post=6850"},{"taxonomy":"product_tag","embeddable":true,"href":"https:\/\/www.tapibel.be\/de\/wp-json\/wp\/v2\/product_tag?post=6850"}],"curies":[{"name":"wp","href":"https:\/\/api.w.org\/{rel}","templated":true}]}}